{"id":4350,"date":"2024-12-09T11:55:46","date_gmt":"2024-12-09T11:55:46","guid":{"rendered":"https:\/\/cto-taniec.pl\/rybnik\/?page_id=4350"},"modified":"2024-12-09T11:59:03","modified_gmt":"2024-12-09T11:59:03","slug":"bezpieczenstwo","status":"publish","type":"page","link":"https:\/\/cto-taniec.pl\/rybnik\/bezpieczenstwo\/","title":{"rendered":"Bezpiecze\u0144stwo"},"content":{"rendered":"\t\t<div data-elementor-type=\"wp-page\" data-elementor-id=\"4350\" class=\"elementor elementor-4350\" data-elementor-post-type=\"page\">\n\t\t\t\t\t\t<section class=\"elementor-section elementor-top-section elementor-element elementor-element-2634bfbe elementor-section-height-min-height elementor-section-stretched elementor-section-boxed elementor-section-height-default elementor-section-items-middle\" data-id=\"2634bfbe\" data-element_type=\"section\" data-settings=\"{&quot;stretch_section&quot;:&quot;section-stretched&quot;,&quot;background_background&quot;:&quot;classic&quot;}\">\n\t\t\t\t\t\t<div class=\"elementor-container elementor-column-gap-default\">\n\t\t\t\t\t<div class=\"elementor-column elementor-col-100 elementor-top-column elementor-element elementor-element-1ef6a935\" data-id=\"1ef6a935\" data-element_type=\"column\">\n\t\t\t<div class=\"elementor-widget-wrap elementor-element-populated\">\n\t\t\t\t\t\t<div class=\"elementor-element elementor-element-4c31ef69 elementor-widget elementor-widget-heading\" data-id=\"4c31ef69\" data-element_type=\"widget\" data-widget_type=\"heading.default\">\n\t\t\t\t<div class=\"elementor-widget-container\">\n\t\t\t\t\t<h1 class=\"elementor-heading-title elementor-size-default\">Bezpiecze\u0144stwo<\/h1>\t\t\t\t<\/div>\n\t\t\t\t<\/div>\n\t\t\t\t\t<\/div>\n\t\t<\/div>\n\t\t\t\t\t<\/div>\n\t\t<\/section>\n\t\t\t\t<section class=\"elementor-section elementor-top-section elementor-element elementor-element-6de80f0a elementor-section-boxed elementor-section-height-default elementor-section-height-default\" data-id=\"6de80f0a\" data-element_type=\"section\">\n\t\t\t\t\t\t<div class=\"elementor-container elementor-column-gap-default\">\n\t\t\t\t\t<div class=\"elementor-column elementor-col-100 elementor-top-column elementor-element elementor-element-18657b5e\" data-id=\"18657b5e\" data-element_type=\"column\">\n\t\t\t<div class=\"elementor-widget-wrap elementor-element-populated\">\n\t\t\t\t\t\t<div class=\"elementor-element elementor-element-53f8fc14 elementor-widget-mobile__width-inherit elementor-widget elementor-widget-text-editor\" data-id=\"53f8fc14\" data-element_type=\"widget\" data-widget_type=\"text-editor.default\">\n\t\t\t\t<div class=\"elementor-widget-container\">\n\t\t\t\t\t\t\t\t\t<p>W Studio Ta\u0144ca Check This Out dbamy o bezpiecze\u0144stwo naszych uczestnik\u00f3w. Na tej stronie znajdziesz dokumenty dotycz\u0105ce ochrony ma\u0142oletnich, zasady bezpiecze\u0144stwa oraz procedury bezpiecznej rekrutacji jak i wz\u00f3r karty interwencyjnej. Przestrzeganie najwy\u017cszych standard\u00f3w to dla nas priorytet.<\/p>\t\t\t\t\t\t\t\t<\/div>\n\t\t\t\t<\/div>\n\t\t\t\t<div class=\"elementor-element elementor-element-1bdad6f1 elementor-list-item-link-inline elementor-icon-list--layout-traditional elementor-widget elementor-widget-icon-list\" data-id=\"1bdad6f1\" data-element_type=\"widget\" data-widget_type=\"icon-list.default\">\n\t\t\t\t<div class=\"elementor-widget-container\">\n\t\t\t\t\t\t\t<ul class=\"elementor-icon-list-items\">\n\t\t\t\t\t\t\t<li class=\"elementor-icon-list-item\">\n\t\t\t\t\t\t\t\t\t\t\t<a href=\"https:\/\/cto-taniec.pl\/rybnik\/wp-content\/uploads\/sites\/3\/2024\/12\/Standardy-Ochrony-Ma_oletnich-S-tudia-Tanca-Check-This-Out.pdf\" target=\"_blank\">\n\n\t\t\t\t\t\t\t\t\t\t\t\t<span class=\"elementor-icon-list-icon\">\n\t\t\t\t\t\t\t<i aria-hidden=\"true\" class=\"far fa-file\"><\/i>\t\t\t\t\t\t<\/span>\n\t\t\t\t\t\t\t\t\t\t<span class=\"elementor-icon-list-text\">Standardy Ochrony Ma\u0142oletnich Studia Ta\u0144ca Check This Out<\/span>\n\t\t\t\t\t\t\t\t\t\t\t<\/a>\n\t\t\t\t\t\t\t\t\t<\/li>\n\t\t\t\t\t\t\t\t<li class=\"elementor-icon-list-item\">\n\t\t\t\t\t\t\t\t\t\t\t<a href=\"https:\/\/cto-taniec.pl\/rybnik\/wp-content\/uploads\/sites\/3\/2024\/12\/Zalacznik-nr-1.pdf\" target=\"_blank\">\n\n\t\t\t\t\t\t\t\t\t\t\t\t<span class=\"elementor-icon-list-icon\">\n\t\t\t\t\t\t\t<i aria-hidden=\"true\" class=\"far fa-file\"><\/i>\t\t\t\t\t\t<\/span>\n\t\t\t\t\t\t\t\t\t\t<span class=\"elementor-icon-list-text\">Za\u0142\u0105cznik 1 \u2013 Zasady bezpiecznych relacji doros\u0142y-dziecko w Studio Ta\u0144ca Check This Out<\/span>\n\t\t\t\t\t\t\t\t\t\t\t<\/a>\n\t\t\t\t\t\t\t\t\t<\/li>\n\t\t\t\t\t\t\t\t<li class=\"elementor-icon-list-item\">\n\t\t\t\t\t\t\t\t\t\t\t<a href=\"https:\/\/cto-taniec.pl\/rybnik\/wp-content\/uploads\/sites\/3\/2024\/12\/Zalacznik-nr-2.pdf\" target=\"_blank\">\n\n\t\t\t\t\t\t\t\t\t\t\t\t<span class=\"elementor-icon-list-icon\">\n\t\t\t\t\t\t\t<i aria-hidden=\"true\" class=\"far fa-file\"><\/i>\t\t\t\t\t\t<\/span>\n\t\t\t\t\t\t\t\t\t\t<span class=\"elementor-icon-list-text\">Za\u0142\u0105cznik 2 \u2013 Zasady bezpiecznej rekrutacji w Studio Ta\u0144ca Check This Out<\/span>\n\t\t\t\t\t\t\t\t\t\t\t<\/a>\n\t\t\t\t\t\t\t\t\t<\/li>\n\t\t\t\t\t\t\t\t<li class=\"elementor-icon-list-item\">\n\t\t\t\t\t\t\t\t\t\t\t<a href=\"https:\/\/cto-taniec.pl\/rybnik\/wp-content\/uploads\/sites\/3\/2024\/12\/Zalacznik-nr-3.pdf\" target=\"_blank\">\n\n\t\t\t\t\t\t\t\t\t\t\t\t<span class=\"elementor-icon-list-icon\">\n\t\t\t\t\t\t\t<i aria-hidden=\"true\" class=\"far fa-file\"><\/i>\t\t\t\t\t\t<\/span>\n\t\t\t\t\t\t\t\t\t\t<span class=\"elementor-icon-list-text\">Za\u0142\u0105cznik 3 \u2013 Wz\u00f3r karty interwencyjnej<\/span>\n\t\t\t\t\t\t\t\t\t\t\t<\/a>\n\t\t\t\t\t\t\t\t\t<\/li>\n\t\t\t\t\t\t<\/ul>\n\t\t\t\t\t\t<\/div>\n\t\t\t\t<\/div>\n\t\t\t\t\t<\/div>\n\t\t<\/div>\n\t\t\t\t\t<\/div>\n\t\t<\/section>\n\t\t\t\t<\/div>\n\t\t","protected":false},"excerpt":{"rendered":"<p>Bezpiecze\u0144stwo W Studio Ta\u0144ca Check This Out dbamy o bezpiecze\u0144stwo naszych uczestnik\u00f3w. Na tej stronie znajdziesz dokumenty dotycz\u0105ce ochrony ma\u0142oletnich, zasady bezpiecze\u0144stwa oraz procedury bezpiecznej rekrutacji jak i wz\u00f3r karty interwencyjnej. Przestrzeganie najwy\u017cszych standard\u00f3w to dla nas priorytet. Standardy Ochrony Ma\u0142oletnich Studia Ta\u0144ca Check This Out Za\u0142\u0105cznik 1 \u2013 Zasady bezpiecznych relacji doros\u0142y-dziecko w Studio [&hellip;]<\/p>\n","protected":false},"author":1,"featured_media":0,"parent":0,"menu_order":0,"comment_status":"closed","ping_status":"closed","template":"","meta":{"_acf_changed":false,"footnotes":""},"class_list":["post-4350","page","type-page","status-publish","hentry"],"acf":[],"yoast_head":"<!-- This site is optimized with the Yoast SEO plugin v27.5 - https:\/\/yoast.com\/product\/yoast-seo-wordpress\/ -->\n<title>Bezpiecze\u0144stwo - CTO Rybnik<\/title>\n<meta name=\"robots\" content=\"index, follow, max-snippet:-1, max-image-preview:large, max-video-preview:-1\" \/>\n<link rel=\"canonical\" href=\"https:\/\/cto-taniec.pl\/rybnik\/bezpieczenstwo\/\" \/>\n<meta property=\"og:locale\" content=\"pl_PL\" \/>\n<meta property=\"og:type\" content=\"article\" \/>\n<meta property=\"og:title\" content=\"Bezpiecze\u0144stwo - CTO Rybnik\" \/>\n<meta property=\"og:description\" content=\"Bezpiecze\u0144stwo W Studio Ta\u0144ca Check This Out dbamy o bezpiecze\u0144stwo naszych uczestnik\u00f3w. Na tej stronie znajdziesz dokumenty dotycz\u0105ce ochrony ma\u0142oletnich, zasady bezpiecze\u0144stwa oraz procedury bezpiecznej rekrutacji jak i wz\u00f3r karty interwencyjnej. Przestrzeganie najwy\u017cszych standard\u00f3w to dla nas priorytet. Standardy Ochrony Ma\u0142oletnich Studia Ta\u0144ca Check This Out Za\u0142\u0105cznik 1 \u2013 Zasady bezpiecznych relacji doros\u0142y-dziecko w Studio [&hellip;]\" \/>\n<meta property=\"og:url\" content=\"https:\/\/cto-taniec.pl\/rybnik\/bezpieczenstwo\/\" \/>\n<meta property=\"og:site_name\" content=\"CTO Rybnik\" \/>\n<meta property=\"article:publisher\" content=\"https:\/\/www.facebook.com\/cto.rybnik\" \/>\n<meta property=\"article:modified_time\" content=\"2024-12-09T11:59:03+00:00\" \/>\n<meta property=\"og:image\" content=\"https:\/\/cto-taniec.pl\/rybnik\/wp-content\/uploads\/sites\/3\/2021\/11\/HIP-HOP-FREESTYLE-DOROS\u0301LI.jpg\" \/>\n\t<meta property=\"og:image:width\" content=\"1500\" \/>\n\t<meta property=\"og:image:height\" content=\"1000\" \/>\n\t<meta property=\"og:image:type\" content=\"image\/jpeg\" \/>\n<meta name=\"twitter:card\" content=\"summary_large_image\" \/>\n<meta name=\"twitter:label1\" content=\"Szacowany czas czytania\" \/>\n\t<meta name=\"twitter:data1\" content=\"1 minuta\" \/>\n<script type=\"application\/ld+json\" class=\"yoast-schema-graph\">{\"@context\":\"https:\\\/\\\/schema.org\",\"@graph\":[{\"@type\":\"WebPage\",\"@id\":\"https:\\\/\\\/cto-taniec.pl\\\/rybnik\\\/bezpieczenstwo\\\/\",\"url\":\"https:\\\/\\\/cto-taniec.pl\\\/rybnik\\\/bezpieczenstwo\\\/\",\"name\":\"Bezpiecze\u0144stwo - CTO Rybnik\",\"isPartOf\":{\"@id\":\"https:\\\/\\\/cto-taniec.pl\\\/rybnik\\\/#website\"},\"datePublished\":\"2024-12-09T11:55:46+00:00\",\"dateModified\":\"2024-12-09T11:59:03+00:00\",\"breadcrumb\":{\"@id\":\"https:\\\/\\\/cto-taniec.pl\\\/rybnik\\\/bezpieczenstwo\\\/#breadcrumb\"},\"inLanguage\":\"pl-PL\",\"potentialAction\":[{\"@type\":\"ReadAction\",\"target\":[\"https:\\\/\\\/cto-taniec.pl\\\/rybnik\\\/bezpieczenstwo\\\/\"]}]},{\"@type\":\"BreadcrumbList\",\"@id\":\"https:\\\/\\\/cto-taniec.pl\\\/rybnik\\\/bezpieczenstwo\\\/#breadcrumb\",\"itemListElement\":[{\"@type\":\"ListItem\",\"position\":1,\"name\":\"Home\",\"item\":\"https:\\\/\\\/cto-taniec.pl\\\/rybnik\\\/\"},{\"@type\":\"ListItem\",\"position\":2,\"name\":\"Bezpiecze\u0144stwo\"}]},{\"@type\":\"WebSite\",\"@id\":\"https:\\\/\\\/cto-taniec.pl\\\/rybnik\\\/#website\",\"url\":\"https:\\\/\\\/cto-taniec.pl\\\/rybnik\\\/\",\"name\":\"CTO Rybnik\",\"description\":\"Profesjonalna szko\u0142a ta\u0144ca w Rybniku\",\"publisher\":{\"@id\":\"https:\\\/\\\/cto-taniec.pl\\\/rybnik\\\/#organization\"},\"potentialAction\":[{\"@type\":\"SearchAction\",\"target\":{\"@type\":\"EntryPoint\",\"urlTemplate\":\"https:\\\/\\\/cto-taniec.pl\\\/rybnik\\\/?s={search_term_string}\"},\"query-input\":{\"@type\":\"PropertyValueSpecification\",\"valueRequired\":true,\"valueName\":\"search_term_string\"}}],\"inLanguage\":\"pl-PL\"},{\"@type\":\"Organization\",\"@id\":\"https:\\\/\\\/cto-taniec.pl\\\/rybnik\\\/#organization\",\"name\":\"CTO Rybnik\",\"url\":\"https:\\\/\\\/cto-taniec.pl\\\/rybnik\\\/\",\"logo\":{\"@type\":\"ImageObject\",\"inLanguage\":\"pl-PL\",\"@id\":\"https:\\\/\\\/cto-taniec.pl\\\/rybnik\\\/#\\\/schema\\\/logo\\\/image\\\/\",\"url\":\"https:\\\/\\\/cto-taniec.pl\\\/rybnik\\\/wp-content\\\/uploads\\\/sites\\\/3\\\/2021\\\/11\\\/CTO-Black-Logo.svg\",\"contentUrl\":\"https:\\\/\\\/cto-taniec.pl\\\/rybnik\\\/wp-content\\\/uploads\\\/sites\\\/3\\\/2021\\\/11\\\/CTO-Black-Logo.svg\",\"width\":74,\"height\":120,\"caption\":\"CTO Rybnik\"},\"image\":{\"@id\":\"https:\\\/\\\/cto-taniec.pl\\\/rybnik\\\/#\\\/schema\\\/logo\\\/image\\\/\"},\"sameAs\":[\"https:\\\/\\\/www.facebook.com\\\/cto.rybnik\",\"https:\\\/\\\/www.instagram.com\\\/cto_dancestudio\\\/\"]}]}<\/script>\n<!-- \/ Yoast SEO plugin. -->","yoast_head_json":{"title":"Bezpiecze\u0144stwo - CTO Rybnik","robots":{"index":"index","follow":"follow","max-snippet":"max-snippet:-1","max-image-preview":"max-image-preview:large","max-video-preview":"max-video-preview:-1"},"canonical":"https:\/\/cto-taniec.pl\/rybnik\/bezpieczenstwo\/","og_locale":"pl_PL","og_type":"article","og_title":"Bezpiecze\u0144stwo - CTO Rybnik","og_description":"Bezpiecze\u0144stwo W Studio Ta\u0144ca Check This Out dbamy o bezpiecze\u0144stwo naszych uczestnik\u00f3w. Na tej stronie znajdziesz dokumenty dotycz\u0105ce ochrony ma\u0142oletnich, zasady bezpiecze\u0144stwa oraz procedury bezpiecznej rekrutacji jak i wz\u00f3r karty interwencyjnej. Przestrzeganie najwy\u017cszych standard\u00f3w to dla nas priorytet. Standardy Ochrony Ma\u0142oletnich Studia Ta\u0144ca Check This Out Za\u0142\u0105cznik 1 \u2013 Zasady bezpiecznych relacji doros\u0142y-dziecko w Studio [&hellip;]","og_url":"https:\/\/cto-taniec.pl\/rybnik\/bezpieczenstwo\/","og_site_name":"CTO Rybnik","article_publisher":"https:\/\/www.facebook.com\/cto.rybnik","article_modified_time":"2024-12-09T11:59:03+00:00","og_image":[{"width":1500,"height":1000,"url":"https:\/\/cto-taniec.pl\/rybnik\/wp-content\/uploads\/sites\/3\/2021\/11\/HIP-HOP-FREESTYLE-DOROS\u0301LI.jpg","type":"image\/jpeg"}],"twitter_card":"summary_large_image","twitter_misc":{"Szacowany czas czytania":"1 minuta"},"schema":{"@context":"https:\/\/schema.org","@graph":[{"@type":"WebPage","@id":"https:\/\/cto-taniec.pl\/rybnik\/bezpieczenstwo\/","url":"https:\/\/cto-taniec.pl\/rybnik\/bezpieczenstwo\/","name":"Bezpiecze\u0144stwo - CTO Rybnik","isPartOf":{"@id":"https:\/\/cto-taniec.pl\/rybnik\/#website"},"datePublished":"2024-12-09T11:55:46+00:00","dateModified":"2024-12-09T11:59:03+00:00","breadcrumb":{"@id":"https:\/\/cto-taniec.pl\/rybnik\/bezpieczenstwo\/#breadcrumb"},"inLanguage":"pl-PL","potentialAction":[{"@type":"ReadAction","target":["https:\/\/cto-taniec.pl\/rybnik\/bezpieczenstwo\/"]}]},{"@type":"BreadcrumbList","@id":"https:\/\/cto-taniec.pl\/rybnik\/bezpieczenstwo\/#breadcrumb","itemListElement":[{"@type":"ListItem","position":1,"name":"Home","item":"https:\/\/cto-taniec.pl\/rybnik\/"},{"@type":"ListItem","position":2,"name":"Bezpiecze\u0144stwo"}]},{"@type":"WebSite","@id":"https:\/\/cto-taniec.pl\/rybnik\/#website","url":"https:\/\/cto-taniec.pl\/rybnik\/","name":"CTO Rybnik","description":"Profesjonalna szko\u0142a ta\u0144ca w Rybniku","publisher":{"@id":"https:\/\/cto-taniec.pl\/rybnik\/#organization"},"potentialAction":[{"@type":"SearchAction","target":{"@type":"EntryPoint","urlTemplate":"https:\/\/cto-taniec.pl\/rybnik\/?s={search_term_string}"},"query-input":{"@type":"PropertyValueSpecification","valueRequired":true,"valueName":"search_term_string"}}],"inLanguage":"pl-PL"},{"@type":"Organization","@id":"https:\/\/cto-taniec.pl\/rybnik\/#organization","name":"CTO Rybnik","url":"https:\/\/cto-taniec.pl\/rybnik\/","logo":{"@type":"ImageObject","inLanguage":"pl-PL","@id":"https:\/\/cto-taniec.pl\/rybnik\/#\/schema\/logo\/image\/","url":"https:\/\/cto-taniec.pl\/rybnik\/wp-content\/uploads\/sites\/3\/2021\/11\/CTO-Black-Logo.svg","contentUrl":"https:\/\/cto-taniec.pl\/rybnik\/wp-content\/uploads\/sites\/3\/2021\/11\/CTO-Black-Logo.svg","width":74,"height":120,"caption":"CTO Rybnik"},"image":{"@id":"https:\/\/cto-taniec.pl\/rybnik\/#\/schema\/logo\/image\/"},"sameAs":["https:\/\/www.facebook.com\/cto.rybnik","https:\/\/www.instagram.com\/cto_dancestudio\/"]}]}},"_links":{"self":[{"href":"https:\/\/cto-taniec.pl\/rybnik\/wp-json\/wp\/v2\/pages\/4350","targetHints":{"allow":["GET"]}}],"collection":[{"href":"https:\/\/cto-taniec.pl\/rybnik\/wp-json\/wp\/v2\/pages"}],"about":[{"href":"https:\/\/cto-taniec.pl\/rybnik\/wp-json\/wp\/v2\/types\/page"}],"author":[{"embeddable":true,"href":"https:\/\/cto-taniec.pl\/rybnik\/wp-json\/wp\/v2\/users\/1"}],"replies":[{"embeddable":true,"href":"https:\/\/cto-taniec.pl\/rybnik\/wp-json\/wp\/v2\/comments?post=4350"}],"version-history":[{"count":5,"href":"https:\/\/cto-taniec.pl\/rybnik\/wp-json\/wp\/v2\/pages\/4350\/revisions"}],"predecessor-version":[{"id":4359,"href":"https:\/\/cto-taniec.pl\/rybnik\/wp-json\/wp\/v2\/pages\/4350\/revisions\/4359"}],"wp:attachment":[{"href":"https:\/\/cto-taniec.pl\/rybnik\/wp-json\/wp\/v2\/media?parent=4350"}],"curies":[{"name":"wp","href":"https:\/\/api.w.org\/{rel}","templated":true}]}}