{"id":3285,"date":"2021-11-16T14:41:27","date_gmt":"2021-11-16T14:41:27","guid":{"rendered":"http:\/\/mindapple"},"modified":"2021-11-16T14:41:27","modified_gmt":"2021-11-16T14:41:27","slug":"polityka-prywatnosci","status":"publish","type":"page","link":"https:\/\/cto-taniec.pl\/rybnik\/polityka-prywatnosci\/","title":{"rendered":"Polityka prywatno\u015bci"},"content":{"rendered":"<p>Niniejsza Polityka prywatno\u015bci okre\u015bla to\u00a0w\u00a0jaki spos\u00f3b, w\u00a0Studio Ta\u0144ca Check This Out, utrzymuje, pozyskuje, wykorzystuje i\u00a0ujawnia informacje zbierane od\u00a0u\u017cytkownik\u00f3w na\u00a0stronie <a href=\"http:\/\/www.cto-taniec.pl\">www.cto-taniec.pl<\/a><\/p>\n<p>Polityka prywatno\u015bci dotyczy wszystkich us\u0142ug oraz\u00a0produkt\u00f3w oferowanych przez\u00a0 Studio Ta\u0144ca Check This Out<\/p>\n<p><strong>Dane osobowe<br \/>\n<\/strong>Check This Out zbiera osobiste informacje identyfikacyjne klient\u00f3w w\u00a0r\u00f3\u017cny spos\u00f3b, gdy\u00a0u\u017cytkownicy odwiedzaj\u0105 nasz\u0105 stron\u0119, zapisuj\u0105 si\u0119 do\u00a0newslettera, rejestruj\u0105 si\u0119 na\u00a0niej, wype\u0142niaj\u0105 formularze, oraz\u00a0w\u00a0zwi\u0105zku z\u00a0innymi funkcjami, dzia\u0142aniami, us\u0142ugami lub zasobami udost\u0119pnianymi stronie internetowej. U\u017cytkownicy mog\u0105 by\u0107 proszeni o\u00a0podanie nazwiska, adresu e-mail, adresu do\u00a0korespondencji, numeru telefonu, numeru ubezpieczenia spo\u0142ecznego. U\u017cytkownicy maj\u0105 mo\u017cliwo\u015b\u0107 odwiedzenia stron\u0119 internetowej anonimowo. Informacje o\u00a0u\u017cytkownikach s\u0105 zbierane jedynie wtedy, gdy\u00a0s\u0105 dobrowolnie przez\u00a0nich przekazane. U\u017cytkownicy mog\u0105 odm\u00f3wi\u0107 dostarczenia informacji osobistych, jednak\u017ce mo\u017ce to\u00a0uniemo\u017cliwia\u0107 ich zaanga\u017cowanie w\u00a0niekt\u00f3re dzia\u0142ania powi\u0105zane z\u00a0witryn\u0105.<\/p>\n<p><strong>Nieosobowe informacje identyfikacyjne<br \/>\n<\/strong>Check This Out mo\u017ce zbiera\u0107 r\u00f3wnie\u017c nieosobowe informacje identyfikacyjne dotycz\u0105ce u\u017cytkownik\u00f3w, podczas korzystania ze\u00a0strony www. Nieosobowe informacje identyfikacyjne zawiera\u0107 mog\u0105 typ komputera, nazw\u0119 przegl\u0105darki oraz\u00a0dane techniczne o\u00a0np.\u00a0o\u00a0systemie operacyjnym lub dostawcy us\u0142ug internetowych oraz\u00a0innych tego typu informacji.<\/p>\n<p><strong>Pliki cookies przegl\u0105darki internetowej<br \/>\n<\/strong>Nasza strona mo\u017ce wykorzystywa\u0107 \u201eciasteczka\u201d, by\u00a0podnie\u015b\u0107 satysfakcj\u0119 z\u00a0jej u\u017cytkowania. Przegl\u0105darka u\u017cytkownika umieszcza pliki typu \u201ecookies\u201d na\u00a0dysku twardym w\u00a0celu ewidencji, a\u00a0czasami do\u00a0zbierania informacji. U\u017cytkownik ma mo\u017cliwo\u015b\u0107 ustawi\u0107 przegl\u0105dark\u0119 tak, aby nie\u00a0akceptowa\u0142a \u201ecookies\u201d lub ostrzega\u0142a, gdy\u00a0ciasteczka s\u0105 wysy\u0142ane. W\u00a0takiej sytuacji niekt\u00f3re elementy strony mog\u0105 nie\u00a0dzia\u0142a\u0107 poprawnie.<\/p>\n<p><strong>Jak wykorzystujemy zebrane informacje<br \/>\n<\/strong>Check This Out mo\u017ce zbiera\u0107 oraz\u00a0wykorzystywa\u0107 dane osobowe U\u017cytkownik\u00f3w w\u00a0nast\u0119puj\u0105cych celach:<\/p>\n<ul>\n<li>Aby dostosowa\u0107 interfejs u\u017cytkownika<\/li>\n<li>W\u00a0celu podnoszenia jako\u015bci obs\u0142ugi klienta.<\/li>\n<li>\u017beby usprawnia\u0107 stron\u0119 www.<\/li>\n<li>\u017beby zrealizowa\u0107 p\u0142atno\u015bci<\/li>\n<li>\u017beby przeprowadza\u0107 konkurs, promocj\u0119 ankiet\u0119.<\/li>\n<li>\u017beby wys\u0142a\u0107 informacje U\u017cytkownikom kt\u00f3rzy\u00a0wyrazili zgod\u0119, by\u00a0otrzymywa\u0107 je na\u00a0tematy b\u0119d\u0105ce dla nich interesuj\u0105ce.<\/li>\n<li>\u017beby wysy\u0142a\u0107 okresowe wiadomo\u015bci e-mail<\/li>\n<\/ul>\n<p>&nbsp;<\/p>\n<p><strong>Check This Out chroni Twoje\u00a0dane<br \/>\n<\/strong>Stosujemy odpowiednie \u015brodki bezpiecze\u0144stwa w\u00a0kwestii przechowywania, gromadzenia i\u00a0przetwarzania danych tak\u00a0by\u00a0chroni\u0107 nazw\u0119 u\u017cytkownika, dane osobowe, has\u0142o, informacje o\u00a0transakcjach oraz\u00a0inne dane przechowywane na\u00a0naszej stronie przed\u00a0nieautoryzowanym ujawnieniem, zmian\u0105 lub zniszczeniem.<\/p>\n<p><strong>Udost\u0119pnianie danych osobowych<br \/>\n<\/strong>Check This Out nie\u00a0sprzedaje, nie\u00a0wymienia, nie\u00a0udost\u0119pnia ani nie\u00a0przekazuje informacji identyfikacyjnych innym podmiotom. Udost\u0119pnione mog\u0105 zosta\u0107 zgromadzone og\u00f3lne informacje demograficzne niezwi\u0105zane z\u00a0jakimikolwiek osobistymi danymi identyfikacyjnymi dotycz\u0105cymi u\u017cytkownik\u00f3w z\u00a0naszymi partnerami biznesowymi i\u00a0reklamodawcami dla cel\u00f3w opisanych powy\u017cej. Check This Out mo\u017ce udost\u0119pni\u0107 dane u\u017cytkownika stronom trzecim dla ograniczonych cel\u00f3w jedynie pod\u00a0warunkiem uzyskania zgody u\u017cytkownika.<\/p>\n<p><strong>Strony internetowe innych firm<br \/>\n<\/strong>U\u017cytkownicy mog\u0105 znale\u017a\u0107 na\u00a0<a href=\"http:\/\/www.cto-taniec.pl\">www.cto-taniec.pl<\/a> reklamy lub tre\u015bci odwo\u0142uj\u0105ce si\u0119 do\u00a0witryn oraz\u00a0us\u0142ug naszych partner\u00f3w, reklamodawc\u00f3w, dostawc\u00f3w, sponsor\u00f3w, licencjodawc\u00f3w oraz\u00a0innych stron trzecich. Te witryny oraz\u00a0us\u0142ugi mog\u0105 posiada\u0107 swoje w\u0142asne zasady ochrony danych osobowych oraz\u00a0polityki obs\u0142ugi klienta. Przegl\u0105danie i\u00a0korzystanie ze\u00a0stron internetowych, kt\u00f3re maj\u0105 link do\u00a0naszej strony, podlegaj\u0105 warunkom oraz\u00a0politykom okre\u015blonym na\u00a0tych stronach.<\/p>\n<p><strong>Reklama<br \/>\n<\/strong>Reklamy pojawiaj\u0105ce si\u0119 na\u00a0stronie internetowej mog\u0105 by\u0107 dostarczane przez\u00a0partner\u00f3w reklamowych przy pomocy plik\u00f3w cookies. Te ciasteczka pozwalaj\u0105 serwerowi reklam identyfikacje komputera u\u017cytkownika gdy\u00a0wysy\u0142aj\u0105 reklam\u0119 online by\u00a0zgromadzi\u0107 anonimowe informacje o\u00a0u\u017cytkownikach danego komputera. Informacje te umo\u017cliwiaj\u0105 sieciom reklamowym, m.in., dostarczanie reklam sprofilowanych, kt\u00f3re ich zdaniem b\u0119d\u0105 interesuj\u0105ce dla u\u017cytkownik\u00f3w. Niniejsza polityka prywatno\u015bci nie\u00a0dotyczy wykorzystywania plik\u00f3w cookies przez\u00a0reklamodawc\u00f3w.<\/p>\n<p><strong>Zmiany niniejszej polityki prywatno\u015bci<br \/>\n<\/strong>Check This Out ma prawo do\u00a0aktualizowania niniejszej polityki prywatno\u015bci w\u00a0ka\u017cdej chwili. Zach\u0119camy u\u017cytkownik\u00f3w do\u00a0sprawdzania tej\u00a0strony pod\u00a0k\u0105tem ewentualnych zmian, tak\u00a0aby by\u0107 na\u00a0bie\u017c\u0105co z\u00a0informacjami, kt\u00f3re dotycz\u0105 dzia\u0142a\u0144 maj\u0105cych na\u00a0celu ochron\u0119 gromadzonych danych osobowych. U\u017cytkownik przyjmuje do\u00a0wiadomo\u015bci i\u00a0zgadza si\u0119, i\u017c jego obowi\u0105zkiem jest okresy przegl\u0105d polityki prywatno\u015bci i\u00a0zapoznanie si\u0119 ze\u00a0zmianami.<\/p>\n<p><strong>Akceptacj\u0119 niniejszych warunk\u00f3w<br \/>\n<\/strong>Korzystaj\u0105c z\u00a0tej\u00a0strony, wyra\u017caj\u0105 Pa\u0144stwo zgod\u0119 na\u00a0t\u0119 polityk\u0119 prywatno\u015bci .Je\u015bli nie\u00a0akceptujesz tej\u00a0polityki, prosimy o\u00a0niekorzystanie z\u00a0witryny. Dalsze korzystanie z\u00a0tej\u00a0witryny po\u00a0wprowadzeniu zmian do\u00a0tej\u00a0polityki b\u0119dzie uznane za\u00a0akceptacj\u0119 tych zmian.<\/p>\n","protected":false},"excerpt":{"rendered":"<p>Niniejsza Polityka prywatno\u015bci okre\u015bla to\u00a0w\u00a0jaki spos\u00f3b, w\u00a0Studio Ta\u0144ca Check This Out, utrzymuje, pozyskuje, wykorzystuje i\u00a0ujawnia informacje zbierane od\u00a0u\u017cytkownik\u00f3w na\u00a0stronie www.cto-taniec.pl Polityka prywatno\u015bci dotyczy wszystkich us\u0142ug oraz\u00a0produkt\u00f3w oferowanych przez\u00a0 Studio Ta\u0144ca Check This Out Dane osobowe Check This Out zbiera osobiste informacje identyfikacyjne klient\u00f3w w\u00a0r\u00f3\u017cny spos\u00f3b, gdy\u00a0u\u017cytkownicy odwiedzaj\u0105 nasz\u0105 stron\u0119, zapisuj\u0105 si\u0119 do\u00a0newslettera, rejestruj\u0105 si\u0119 na\u00a0niej, [&hellip;]<\/p>\n","protected":false},"author":1,"featured_media":0,"parent":0,"menu_order":0,"comment_status":"closed","ping_status":"closed","template":"","meta":{"_acf_changed":false,"footnotes":""},"class_list":["post-3285","page","type-page","status-publish","hentry"],"acf":[],"yoast_head":"<!-- This site is optimized with the Yoast SEO plugin v27.4 - https:\/\/yoast.com\/product\/yoast-seo-wordpress\/ -->\n<title>Polityka prywatno\u015bci - CTO Rybnik<\/title>\n<meta name=\"robots\" content=\"index, follow, max-snippet:-1, max-image-preview:large, max-video-preview:-1\" \/>\n<link rel=\"canonical\" href=\"https:\/\/cto-taniec.pl\/rybnik\/polityka-prywatnosci\/\" \/>\n<meta property=\"og:locale\" content=\"pl_PL\" \/>\n<meta property=\"og:type\" content=\"article\" \/>\n<meta property=\"og:title\" content=\"Polityka prywatno\u015bci - CTO Rybnik\" \/>\n<meta property=\"og:description\" content=\"Niniejsza Polityka prywatno\u015bci okre\u015bla to\u00a0w\u00a0jaki spos\u00f3b, w\u00a0Studio Ta\u0144ca Check This Out, utrzymuje, pozyskuje, wykorzystuje i\u00a0ujawnia informacje zbierane od\u00a0u\u017cytkownik\u00f3w na\u00a0stronie www.cto-taniec.pl Polityka prywatno\u015bci dotyczy wszystkich us\u0142ug oraz\u00a0produkt\u00f3w oferowanych przez\u00a0 Studio Ta\u0144ca Check This Out Dane osobowe Check This Out zbiera osobiste informacje identyfikacyjne klient\u00f3w w\u00a0r\u00f3\u017cny spos\u00f3b, gdy\u00a0u\u017cytkownicy odwiedzaj\u0105 nasz\u0105 stron\u0119, zapisuj\u0105 si\u0119 do\u00a0newslettera, rejestruj\u0105 si\u0119 na\u00a0niej, [&hellip;]\" \/>\n<meta property=\"og:url\" content=\"https:\/\/cto-taniec.pl\/rybnik\/polityka-prywatnosci\/\" \/>\n<meta property=\"og:site_name\" content=\"CTO Rybnik\" \/>\n<meta property=\"article:publisher\" content=\"https:\/\/www.facebook.com\/cto.rybnik\" \/>\n<meta property=\"og:image\" content=\"https:\/\/cto-taniec.pl\/rybnik\/wp-content\/uploads\/sites\/3\/2021\/11\/HIP-HOP-FREESTYLE-DOROS\u0301LI.jpg\" \/>\n\t<meta property=\"og:image:width\" content=\"1500\" \/>\n\t<meta property=\"og:image:height\" content=\"1000\" \/>\n\t<meta property=\"og:image:type\" content=\"image\/jpeg\" \/>\n<meta name=\"twitter:card\" content=\"summary_large_image\" \/>\n<meta name=\"twitter:label1\" content=\"Szacowany czas czytania\" \/>\n\t<meta name=\"twitter:data1\" content=\"4 minuty\" \/>\n<script type=\"application\/ld+json\" class=\"yoast-schema-graph\">{\"@context\":\"https:\\\/\\\/schema.org\",\"@graph\":[{\"@type\":\"WebPage\",\"@id\":\"https:\\\/\\\/cto-taniec.pl\\\/rybnik\\\/polityka-prywatnosci\\\/\",\"url\":\"https:\\\/\\\/cto-taniec.pl\\\/rybnik\\\/polityka-prywatnosci\\\/\",\"name\":\"Polityka prywatno\u015bci - CTO Rybnik\",\"isPartOf\":{\"@id\":\"https:\\\/\\\/cto-taniec.pl\\\/rybnik\\\/#website\"},\"datePublished\":\"2021-11-16T14:41:27+00:00\",\"breadcrumb\":{\"@id\":\"https:\\\/\\\/cto-taniec.pl\\\/rybnik\\\/polityka-prywatnosci\\\/#breadcrumb\"},\"inLanguage\":\"pl-PL\",\"potentialAction\":[{\"@type\":\"ReadAction\",\"target\":[\"https:\\\/\\\/cto-taniec.pl\\\/rybnik\\\/polityka-prywatnosci\\\/\"]}]},{\"@type\":\"BreadcrumbList\",\"@id\":\"https:\\\/\\\/cto-taniec.pl\\\/rybnik\\\/polityka-prywatnosci\\\/#breadcrumb\",\"itemListElement\":[{\"@type\":\"ListItem\",\"position\":1,\"name\":\"Home\",\"item\":\"https:\\\/\\\/cto-taniec.pl\\\/rybnik\\\/\"},{\"@type\":\"ListItem\",\"position\":2,\"name\":\"Polityka prywatno\u015bci\"}]},{\"@type\":\"WebSite\",\"@id\":\"https:\\\/\\\/cto-taniec.pl\\\/rybnik\\\/#website\",\"url\":\"https:\\\/\\\/cto-taniec.pl\\\/rybnik\\\/\",\"name\":\"CTO Rybnik\",\"description\":\"Profesjonalna szko\u0142a ta\u0144ca w Rybniku\",\"publisher\":{\"@id\":\"https:\\\/\\\/cto-taniec.pl\\\/rybnik\\\/#organization\"},\"potentialAction\":[{\"@type\":\"SearchAction\",\"target\":{\"@type\":\"EntryPoint\",\"urlTemplate\":\"https:\\\/\\\/cto-taniec.pl\\\/rybnik\\\/?s={search_term_string}\"},\"query-input\":{\"@type\":\"PropertyValueSpecification\",\"valueRequired\":true,\"valueName\":\"search_term_string\"}}],\"inLanguage\":\"pl-PL\"},{\"@type\":\"Organization\",\"@id\":\"https:\\\/\\\/cto-taniec.pl\\\/rybnik\\\/#organization\",\"name\":\"CTO Rybnik\",\"url\":\"https:\\\/\\\/cto-taniec.pl\\\/rybnik\\\/\",\"logo\":{\"@type\":\"ImageObject\",\"inLanguage\":\"pl-PL\",\"@id\":\"https:\\\/\\\/cto-taniec.pl\\\/rybnik\\\/#\\\/schema\\\/logo\\\/image\\\/\",\"url\":\"https:\\\/\\\/cto-taniec.pl\\\/rybnik\\\/wp-content\\\/uploads\\\/sites\\\/3\\\/2021\\\/11\\\/CTO-Black-Logo.svg\",\"contentUrl\":\"https:\\\/\\\/cto-taniec.pl\\\/rybnik\\\/wp-content\\\/uploads\\\/sites\\\/3\\\/2021\\\/11\\\/CTO-Black-Logo.svg\",\"width\":74,\"height\":120,\"caption\":\"CTO Rybnik\"},\"image\":{\"@id\":\"https:\\\/\\\/cto-taniec.pl\\\/rybnik\\\/#\\\/schema\\\/logo\\\/image\\\/\"},\"sameAs\":[\"https:\\\/\\\/www.facebook.com\\\/cto.rybnik\",\"https:\\\/\\\/www.instagram.com\\\/cto_dancestudio\\\/\"]}]}<\/script>\n<!-- \/ Yoast SEO plugin. -->","yoast_head_json":{"title":"Polityka prywatno\u015bci - CTO Rybnik","robots":{"index":"index","follow":"follow","max-snippet":"max-snippet:-1","max-image-preview":"max-image-preview:large","max-video-preview":"max-video-preview:-1"},"canonical":"https:\/\/cto-taniec.pl\/rybnik\/polityka-prywatnosci\/","og_locale":"pl_PL","og_type":"article","og_title":"Polityka prywatno\u015bci - CTO Rybnik","og_description":"Niniejsza Polityka prywatno\u015bci okre\u015bla to\u00a0w\u00a0jaki spos\u00f3b, w\u00a0Studio Ta\u0144ca Check This Out, utrzymuje, pozyskuje, wykorzystuje i\u00a0ujawnia informacje zbierane od\u00a0u\u017cytkownik\u00f3w na\u00a0stronie www.cto-taniec.pl Polityka prywatno\u015bci dotyczy wszystkich us\u0142ug oraz\u00a0produkt\u00f3w oferowanych przez\u00a0 Studio Ta\u0144ca Check This Out Dane osobowe Check This Out zbiera osobiste informacje identyfikacyjne klient\u00f3w w\u00a0r\u00f3\u017cny spos\u00f3b, gdy\u00a0u\u017cytkownicy odwiedzaj\u0105 nasz\u0105 stron\u0119, zapisuj\u0105 si\u0119 do\u00a0newslettera, rejestruj\u0105 si\u0119 na\u00a0niej, [&hellip;]","og_url":"https:\/\/cto-taniec.pl\/rybnik\/polityka-prywatnosci\/","og_site_name":"CTO Rybnik","article_publisher":"https:\/\/www.facebook.com\/cto.rybnik","og_image":[{"width":1500,"height":1000,"url":"https:\/\/cto-taniec.pl\/rybnik\/wp-content\/uploads\/sites\/3\/2021\/11\/HIP-HOP-FREESTYLE-DOROS\u0301LI.jpg","type":"image\/jpeg"}],"twitter_card":"summary_large_image","twitter_misc":{"Szacowany czas czytania":"4 minuty"},"schema":{"@context":"https:\/\/schema.org","@graph":[{"@type":"WebPage","@id":"https:\/\/cto-taniec.pl\/rybnik\/polityka-prywatnosci\/","url":"https:\/\/cto-taniec.pl\/rybnik\/polityka-prywatnosci\/","name":"Polityka prywatno\u015bci - CTO Rybnik","isPartOf":{"@id":"https:\/\/cto-taniec.pl\/rybnik\/#website"},"datePublished":"2021-11-16T14:41:27+00:00","breadcrumb":{"@id":"https:\/\/cto-taniec.pl\/rybnik\/polityka-prywatnosci\/#breadcrumb"},"inLanguage":"pl-PL","potentialAction":[{"@type":"ReadAction","target":["https:\/\/cto-taniec.pl\/rybnik\/polityka-prywatnosci\/"]}]},{"@type":"BreadcrumbList","@id":"https:\/\/cto-taniec.pl\/rybnik\/polityka-prywatnosci\/#breadcrumb","itemListElement":[{"@type":"ListItem","position":1,"name":"Home","item":"https:\/\/cto-taniec.pl\/rybnik\/"},{"@type":"ListItem","position":2,"name":"Polityka prywatno\u015bci"}]},{"@type":"WebSite","@id":"https:\/\/cto-taniec.pl\/rybnik\/#website","url":"https:\/\/cto-taniec.pl\/rybnik\/","name":"CTO Rybnik","description":"Profesjonalna szko\u0142a ta\u0144ca w Rybniku","publisher":{"@id":"https:\/\/cto-taniec.pl\/rybnik\/#organization"},"potentialAction":[{"@type":"SearchAction","target":{"@type":"EntryPoint","urlTemplate":"https:\/\/cto-taniec.pl\/rybnik\/?s={search_term_string}"},"query-input":{"@type":"PropertyValueSpecification","valueRequired":true,"valueName":"search_term_string"}}],"inLanguage":"pl-PL"},{"@type":"Organization","@id":"https:\/\/cto-taniec.pl\/rybnik\/#organization","name":"CTO Rybnik","url":"https:\/\/cto-taniec.pl\/rybnik\/","logo":{"@type":"ImageObject","inLanguage":"pl-PL","@id":"https:\/\/cto-taniec.pl\/rybnik\/#\/schema\/logo\/image\/","url":"https:\/\/cto-taniec.pl\/rybnik\/wp-content\/uploads\/sites\/3\/2021\/11\/CTO-Black-Logo.svg","contentUrl":"https:\/\/cto-taniec.pl\/rybnik\/wp-content\/uploads\/sites\/3\/2021\/11\/CTO-Black-Logo.svg","width":74,"height":120,"caption":"CTO Rybnik"},"image":{"@id":"https:\/\/cto-taniec.pl\/rybnik\/#\/schema\/logo\/image\/"},"sameAs":["https:\/\/www.facebook.com\/cto.rybnik","https:\/\/www.instagram.com\/cto_dancestudio\/"]}]}},"_links":{"self":[{"href":"https:\/\/cto-taniec.pl\/rybnik\/wp-json\/wp\/v2\/pages\/3285","targetHints":{"allow":["GET"]}}],"collection":[{"href":"https:\/\/cto-taniec.pl\/rybnik\/wp-json\/wp\/v2\/pages"}],"about":[{"href":"https:\/\/cto-taniec.pl\/rybnik\/wp-json\/wp\/v2\/types\/page"}],"author":[{"embeddable":true,"href":"https:\/\/cto-taniec.pl\/rybnik\/wp-json\/wp\/v2\/users\/1"}],"replies":[{"embeddable":true,"href":"https:\/\/cto-taniec.pl\/rybnik\/wp-json\/wp\/v2\/comments?post=3285"}],"version-history":[{"count":0,"href":"https:\/\/cto-taniec.pl\/rybnik\/wp-json\/wp\/v2\/pages\/3285\/revisions"}],"wp:attachment":[{"href":"https:\/\/cto-taniec.pl\/rybnik\/wp-json\/wp\/v2\/media?parent=3285"}],"curies":[{"name":"wp","href":"https:\/\/api.w.org\/{rel}","templated":true}]}}