{"id":230,"date":"2021-11-16T14:41:12","date_gmt":"2021-11-16T14:41:12","guid":{"rendered":"https:\/\/ctotaniec.mindapple.co\/rybnik\/kontakt\/"},"modified":"2025-10-02T14:07:30","modified_gmt":"2025-10-02T14:07:30","slug":"kontakt","status":"publish","type":"page","link":"https:\/\/cto-taniec.pl\/rybnik\/kontakt\/","title":{"rendered":"Kontakt"},"content":{"rendered":"\t\t<div data-elementor-type=\"wp-page\" data-elementor-id=\"230\" class=\"elementor elementor-230\" data-elementor-post-type=\"page\">\n\t\t\t\t\t\t<section class=\"elementor-section elementor-top-section elementor-element elementor-element-1d519e42 elementor-section-height-min-height elementor-section-stretched elementor-section-boxed elementor-section-height-default elementor-section-items-middle\" data-id=\"1d519e42\" data-element_type=\"section\" data-settings=\"{&quot;stretch_section&quot;:&quot;section-stretched&quot;,&quot;background_background&quot;:&quot;classic&quot;}\">\n\t\t\t\t\t\t<div class=\"elementor-container elementor-column-gap-default\">\n\t\t\t\t\t<div class=\"elementor-column elementor-col-100 elementor-top-column elementor-element elementor-element-3fb1f69e\" data-id=\"3fb1f69e\" data-element_type=\"column\">\n\t\t\t<div class=\"elementor-widget-wrap elementor-element-populated\">\n\t\t\t\t\t\t<div class=\"elementor-element elementor-element-3d55c608 elementor-widget elementor-widget-heading\" data-id=\"3d55c608\" data-element_type=\"widget\" data-widget_type=\"heading.default\">\n\t\t\t\t<div class=\"elementor-widget-container\">\n\t\t\t\t\t<h1 class=\"elementor-heading-title elementor-size-default\">Cze\u015b\u0107!<\/h1>\t\t\t\t<\/div>\n\t\t\t\t<\/div>\n\t\t\t\t\t<\/div>\n\t\t<\/div>\n\t\t\t\t\t<\/div>\n\t\t<\/section>\n\t\t\t\t<section class=\"elementor-section elementor-top-section elementor-element elementor-element-6fd794c1 elementor-section-height-min-height elementor-section-items-stretch elementor-section-stretched elementor-section-boxed elementor-section-height-default\" data-id=\"6fd794c1\" data-element_type=\"section\" data-settings=\"{&quot;stretch_section&quot;:&quot;section-stretched&quot;}\">\n\t\t\t\t\t\t<div class=\"elementor-container elementor-column-gap-default\">\n\t\t\t\t\t<div class=\"elementor-column elementor-col-33 elementor-top-column elementor-element elementor-element-2334010b\" data-id=\"2334010b\" data-element_type=\"column\">\n\t\t\t<div class=\"elementor-widget-wrap elementor-element-populated\">\n\t\t\t\t\t\t<div class=\"elementor-element elementor-element-2d8f4f4d elementor-widget elementor-widget-heading\" data-id=\"2d8f4f4d\" data-element_type=\"widget\" data-widget_type=\"heading.default\">\n\t\t\t\t<div class=\"elementor-widget-container\">\n\t\t\t\t\t<h2 class=\"elementor-heading-title elementor-size-default\">Jeste\u015bmy otwarci od&nbsp;poniedzia\u0142ku do pi\u0105tku w&nbsp;godzinach 15:00-21:00*<\/h2>\t\t\t\t<\/div>\n\t\t\t\t<\/div>\n\t\t\t\t<div class=\"elementor-element elementor-element-6cdf7bd5 elementor-widget elementor-widget-heading\" data-id=\"6cdf7bd5\" data-element_type=\"widget\" data-widget_type=\"heading.default\">\n\t\t\t\t<div class=\"elementor-widget-container\">\n\t\t\t\t\t<span class=\"elementor-heading-title elementor-size-default\">*w Rybniku<\/span>\t\t\t\t<\/div>\n\t\t\t\t<\/div>\n\t\t\t\t<div class=\"elementor-element elementor-element-5eaf94d3 elementor-icon-list--layout-inline elementor-list-item-link-inline elementor-widget elementor-widget-icon-list\" data-id=\"5eaf94d3\" data-element_type=\"widget\" data-widget_type=\"icon-list.default\">\n\t\t\t\t<div class=\"elementor-widget-container\">\n\t\t\t\t\t\t\t<ul class=\"elementor-icon-list-items elementor-inline-items\">\n\t\t\t\t\t\t\t<li class=\"elementor-icon-list-item elementor-inline-item\">\n\t\t\t\t\t\t\t\t\t\t\t<a href=\"https:\/\/www.instagram.com\/cto_dancestudio\/\" target=\"_blank\" rel=\"noopener\">\n\n\t\t\t\t\t\t\t\t\t\t\t\t<span class=\"elementor-icon-list-icon\">\n\t\t\t\t\t\t\t<i aria-hidden=\"true\" class=\"fab fa-instagram\"><\/i>\t\t\t\t\t\t<\/span>\n\t\t\t\t\t\t\t\t\t\t<span class=\"elementor-icon-list-text\">Instagram<\/span>\n\t\t\t\t\t\t\t\t\t\t\t<\/a>\n\t\t\t\t\t\t\t\t\t<\/li>\n\t\t\t\t\t\t\t\t<li class=\"elementor-icon-list-item elementor-inline-item\">\n\t\t\t\t\t\t\t\t\t\t\t<a href=\"https:\/\/www.facebook.com\/cto.studiotanca\" target=\"_blank\" rel=\"noopener\">\n\n\t\t\t\t\t\t\t\t\t\t\t\t<span class=\"elementor-icon-list-icon\">\n\t\t\t\t\t\t\t<i aria-hidden=\"true\" class=\"fab fa-facebook-square\"><\/i>\t\t\t\t\t\t<\/span>\n\t\t\t\t\t\t\t\t\t\t<span class=\"elementor-icon-list-text\">Facebook<\/span>\n\t\t\t\t\t\t\t\t\t\t\t<\/a>\n\t\t\t\t\t\t\t\t\t<\/li>\n\t\t\t\t\t\t<\/ul>\n\t\t\t\t\t\t<\/div>\n\t\t\t\t<\/div>\n\t\t\t\t<div class=\"elementor-element elementor-element-776946a elementor-widget elementor-widget-text-editor\" data-id=\"776946a\" data-element_type=\"widget\" data-widget_type=\"text-editor.default\">\n\t\t\t\t<div class=\"elementor-widget-container\">\n\t\t\t\t\t\t\t\t\t<p><span style=\"font-weight: 500\">Numer konta bankowego:<\/span><br \/>54 1750 0012 0000 0000 3057 5277<\/p>\t\t\t\t\t\t\t\t<\/div>\n\t\t\t\t<\/div>\n\t\t\t\t\t<\/div>\n\t\t<\/div>\n\t\t\t\t<div class=\"elementor-column elementor-col-33 elementor-top-column elementor-element elementor-element-def1539\" data-id=\"def1539\" data-element_type=\"column\" data-settings=\"{&quot;background_background&quot;:&quot;classic&quot;}\">\n\t\t\t<div class=\"elementor-widget-wrap elementor-element-populated\">\n\t\t\t\t\t\t<div class=\"elementor-element elementor-element-23a0497 elementor-view-default elementor-widget elementor-widget-icon\" data-id=\"23a0497\" data-element_type=\"widget\" data-widget_type=\"icon.default\">\n\t\t\t\t<div class=\"elementor-widget-container\">\n\t\t\t\t\t\t\t<div class=\"elementor-icon-wrapper\">\n\t\t\t<div class=\"elementor-icon\">\n\t\t\t\t\t\t<\/div>\n\t\t<\/div>\n\t\t\t\t\t\t<\/div>\n\t\t\t\t<\/div>\n\t\t\t\t<div class=\"elementor-element elementor-element-121845d elementor-widget elementor-widget-text-editor\" data-id=\"121845d\" data-element_type=\"widget\" data-widget_type=\"text-editor.default\">\n\t\t\t\t<div class=\"elementor-widget-container\">\n\t\t\t\t\t\t\t\t\t<p>T: (+48) 884 887 529<\/p><p>Recepcja:<br \/><span class=\"bolderText\"><a href=\"mailto:kontakt@cto-taniec.pl\">kontakt@cto-taniec.pl<\/a><\/span><\/p><p>Manager:<br \/><span class=\"bolderText\"><a href=\"mailto:biuro@cto-taniec.pl\">biuro@cto-taniec.pl<\/a><\/span><\/p><p><a href=\"https:\/\/g.page\/cto-studiotanca?share\">ul. Lutycka 6<br \/>44-100 Gliwice<\/a><\/p><p><a href=\"https:\/\/goo.gl\/maps\/c19DKpQ1DutkGu8X9\">ul. Cichociemnych 18<br \/>44-100 Gliwice<\/a><\/p><p><a href=\"https:\/\/maps.app.goo.gl\/2FGmmG9BD5wFWtcV9\">ul. Czapli 5<br \/>44-100 Gliwice<\/a><\/p>\t\t\t\t\t\t\t\t<\/div>\n\t\t\t\t<\/div>\n\t\t\t\t\t<\/div>\n\t\t<\/div>\n\t\t\t\t<div class=\"elementor-column elementor-col-33 elementor-top-column elementor-element elementor-element-382dfda6\" data-id=\"382dfda6\" data-element_type=\"column\" data-settings=\"{&quot;background_background&quot;:&quot;classic&quot;}\">\n\t\t\t<div class=\"elementor-widget-wrap elementor-element-populated\">\n\t\t\t\t\t\t<div class=\"elementor-element elementor-element-77a1d067 elementor-view-default elementor-widget elementor-widget-icon\" data-id=\"77a1d067\" data-element_type=\"widget\" data-widget_type=\"icon.default\">\n\t\t\t\t<div class=\"elementor-widget-container\">\n\t\t\t\t\t\t\t<div class=\"elementor-icon-wrapper\">\n\t\t\t<div class=\"elementor-icon\">\n\t\t\t<svg xmlns=\"http:\/\/www.w3.org\/2000\/svg\" width=\"163.072\" height=\"81.113\" viewBox=\"0 0 163.072 81.113\"><g id=\"Group_220\" data-name=\"Group 220\" transform=\"translate(-438 -433)\"><text id=\"Check_This_Out\" data-name=\"Check This Out\" transform=\"translate(438 452)\" fill=\"#fff\" font-size=\"18\" font-family=\"Poppins-Medium, Poppins\" font-weight=\"500\"><tspan x=\"0\" y=\"0\">Check This Out<\/tspan><\/text><path id=\"Path_53\" data-name=\"Path 53\" d=\"M21.168,0,13.083-13.475H10.045V0H3.136V-34.594H16.317q6.027,0,9.187,2.94a10.077,10.077,0,0,1,3.16,7.742,9.982,9.982,0,0,1-2.18,6.566,10.76,10.76,0,0,1-6.3,3.528L28.812,0ZM10.045-18.228h5.684q5.929,0,5.929-5.243a5.163,5.163,0,0,0-1.446-3.9,6.25,6.25,0,0,0-4.483-1.4H10.045Zm27.93-8.918,7.4,18.424,6.86-18.424h7.595L43.218,12.936H35.574L41.7-.784,30.282-27.146Zm41.307-.343a11.661,11.661,0,0,1,6.174,1.666A11.255,11.255,0,0,1,89.743-21a16.738,16.738,0,0,1,1.543,7.423A16.738,16.738,0,0,1,89.743-6.15a11.255,11.255,0,0,1-4.287,4.826A11.661,11.661,0,0,1,79.282.343,10.2,10.2,0,0,1,73.426-1.3a8.981,8.981,0,0,1-3.454-4.385V0H63.063V-36.26h6.909v14.749a8.849,8.849,0,0,1,3.454-4.361A10.314,10.314,0,0,1,79.282-27.489Zm-2.156,6.027a6.836,6.836,0,0,0-5.17,2.131,8,8,0,0,0-2.034,5.757,7.926,7.926,0,0,0,2.034,5.708,6.836,6.836,0,0,0,5.17,2.131A6.8,6.8,0,0,0,82.32-7.816a8.067,8.067,0,0,0,1.96-5.757,8.157,8.157,0,0,0-1.96-5.782A6.758,6.758,0,0,0,77.126-21.462Zm35.231-6.076a9.612,9.612,0,0,1,7.5,3.087q2.793,3.087,2.793,8.673V0h-6.86V-14.994a7.089,7.089,0,0,0-1.666-5.022,5.924,5.924,0,0,0-4.557-1.788,6.094,6.094,0,0,0-4.7,1.911,7.805,7.805,0,0,0-1.764,5.488V0H96.187V-27.146H103.1v5.439a8.649,8.649,0,0,1,3.552-4.287A10.56,10.56,0,0,1,112.357-27.538Zm15.582-7.4a3.483,3.483,0,0,1,1.176-2.719A4.452,4.452,0,0,1,132.2-38.71a4.452,4.452,0,0,1,3.087,1.054,3.483,3.483,0,0,1,1.176,2.719,3.429,3.429,0,0,1-1.176,2.67,4.452,4.452,0,0,1-3.087,1.054,4.452,4.452,0,0,1-3.087-1.054A3.429,3.429,0,0,1,127.939-34.937Zm7.693,7.791V0h-6.909V-27.146ZM157.78,0l-8.967-11.858V0H141.9V-36.26h6.909v20.384l8.918-11.27h8.183L154.5-13.622,166.208,0Z\" transform=\"translate(434.864 501.178)\" fill=\"#fff\"><\/path><\/g><\/svg>\t\t\t<\/div>\n\t\t<\/div>\n\t\t\t\t\t\t<\/div>\n\t\t\t\t<\/div>\n\t\t\t\t<div class=\"elementor-element elementor-element-3c8c20cd elementor-widget elementor-widget-text-editor\" data-id=\"3c8c20cd\" data-element_type=\"widget\" data-widget_type=\"text-editor.default\">\n\t\t\t\t<div class=\"elementor-widget-container\">\n\t\t\t\t\t\t\t\t\t<p>T: (+48) 884\u00a0887\u00a0201<\/p><p>Recepcja:<br \/><span class=\"bolderText\"><a href=\"mailto:rybnik@cto-taniec.pl\">rybnik@cto-taniec.pl<\/a><\/span><\/p><p>Manager:<br \/><span class=\"bolderText\"><a href=\"mailto:biuro@cto-taniec.pl\">biuro@cto-taniec.pl<\/a><\/span><\/p><p><a href=\"https:\/\/g.page\/cto-rybnik?share\">ul. Grunwaldzka 46<br \/>44-210 Rybnik<\/a><\/p>\t\t\t\t\t\t\t\t<\/div>\n\t\t\t\t<\/div>\n\t\t\t\t\t<\/div>\n\t\t<\/div>\n\t\t\t\t\t<\/div>\n\t\t<\/section>\n\t\t\t\t<section class=\"elementor-section elementor-top-section elementor-element elementor-element-2acd2536 elementor-section-height-min-height elementor-section-boxed elementor-section-height-default elementor-section-items-middle\" data-id=\"2acd2536\" data-element_type=\"section\">\n\t\t\t\t\t\t<div class=\"elementor-container elementor-column-gap-default\">\n\t\t\t\t\t<div class=\"elementor-column elementor-col-100 elementor-top-column elementor-element elementor-element-511f6c48\" data-id=\"511f6c48\" data-element_type=\"column\">\n\t\t\t<div class=\"elementor-widget-wrap elementor-element-populated\">\n\t\t\t\t\t\t<div class=\"elementor-element elementor-element-3c14b66f elementor-widget__width-auto elementor-widget elementor-widget-heading\" data-id=\"3c14b66f\" data-element_type=\"widget\" data-widget_type=\"heading.default\">\n\t\t\t\t<div class=\"elementor-widget-container\">\n\t\t\t\t\t<h2 class=\"elementor-heading-title elementor-size-default\">\u00a9 Copyrights 2026<\/h2>\t\t\t\t<\/div>\n\t\t\t\t<\/div>\n\t\t\t\t<div class=\"elementor-element elementor-element-5a911b03 elementor-widget__width-auto elementor-widget elementor-widget-heading\" data-id=\"5a911b03\" data-element_type=\"widget\" data-widget_type=\"heading.default\">\n\t\t\t\t<div class=\"elementor-widget-container\">\n\t\t\t\t\t<h2 class=\"elementor-heading-title elementor-size-default\"><a href=\"https:\/\/pecanstudio.pl\/\">Proudly created by Pecan Studio\u2122<\/a><\/h2>\t\t\t\t<\/div>\n\t\t\t\t<\/div>\n\t\t\t\t\t<\/div>\n\t\t<\/div>\n\t\t\t\t\t<\/div>\n\t\t<\/section>\n\t\t\t\t<\/div>\n\t\t","protected":false},"excerpt":{"rendered":"<p>Cze\u015b\u0107! Jeste\u015bmy otwarci od&nbsp;poniedzia\u0142ku do pi\u0105tku w&nbsp;godzinach 15:00-21:00* *w Rybniku Instagram Facebook Numer konta bankowego:54 1750 0012 0000 0000 3057 5277 T: (+48) 884 887 529 Recepcja:kontakt@cto-taniec.pl Manager:biuro@cto-taniec.pl ul. Lutycka 644-100 Gliwice ul. Cichociemnych 1844-100 Gliwice ul. Czapli 544-100 Gliwice Check This Out T: (+48) 884\u00a0887\u00a0201 Recepcja:rybnik@cto-taniec.pl Manager:biuro@cto-taniec.pl ul. Grunwaldzka 4644-210 Rybnik Proudly created by [&hellip;]<\/p>\n","protected":false},"author":1,"featured_media":0,"parent":0,"menu_order":0,"comment_status":"closed","ping_status":"closed","template":"elementor_header_footer","meta":{"_acf_changed":false,"footnotes":""},"class_list":["post-230","page","type-page","status-publish","hentry"],"acf":[],"yoast_head":"<!-- This site is optimized with the Yoast SEO plugin v27.4 - https:\/\/yoast.com\/product\/yoast-seo-wordpress\/ -->\n<title>Kontakt - CTO Rybnik<\/title>\n<meta name=\"robots\" content=\"index, follow, max-snippet:-1, max-image-preview:large, max-video-preview:-1\" \/>\n<link rel=\"canonical\" href=\"https:\/\/cto-taniec.pl\/rybnik\/kontakt\/\" \/>\n<meta property=\"og:locale\" content=\"pl_PL\" \/>\n<meta property=\"og:type\" content=\"article\" \/>\n<meta property=\"og:title\" content=\"Kontakt - CTO Rybnik\" \/>\n<meta property=\"og:description\" content=\"Cze\u015b\u0107! Jeste\u015bmy otwarci od&nbsp;poniedzia\u0142ku do pi\u0105tku w&nbsp;godzinach 15:00-21:00* *w Rybniku Instagram Facebook Numer konta bankowego:54 1750 0012 0000 0000 3057 5277 T: (+48) 884 887 529 Recepcja:kontakt@cto-taniec.pl Manager:biuro@cto-taniec.pl ul. Lutycka 644-100 Gliwice ul. Cichociemnych 1844-100 Gliwice ul. Czapli 544-100 Gliwice Check This Out T: (+48) 884\u00a0887\u00a0201 Recepcja:rybnik@cto-taniec.pl Manager:biuro@cto-taniec.pl ul. Grunwaldzka 4644-210 Rybnik Proudly created by [&hellip;]\" \/>\n<meta property=\"og:url\" content=\"https:\/\/cto-taniec.pl\/rybnik\/kontakt\/\" \/>\n<meta property=\"og:site_name\" content=\"CTO Rybnik\" \/>\n<meta property=\"article:publisher\" content=\"https:\/\/www.facebook.com\/cto.rybnik\" \/>\n<meta property=\"article:modified_time\" content=\"2025-10-02T14:07:30+00:00\" \/>\n<meta property=\"og:image\" content=\"https:\/\/cto-taniec.pl\/rybnik\/wp-content\/uploads\/sites\/3\/2021\/11\/HIP-HOP-FREESTYLE-DOROS\u0301LI.jpg\" \/>\n\t<meta property=\"og:image:width\" content=\"1500\" \/>\n\t<meta property=\"og:image:height\" content=\"1000\" \/>\n\t<meta property=\"og:image:type\" content=\"image\/jpeg\" \/>\n<meta name=\"twitter:card\" content=\"summary_large_image\" \/>\n<meta name=\"twitter:label1\" content=\"Szacowany czas czytania\" \/>\n\t<meta name=\"twitter:data1\" content=\"1 minuta\" \/>\n<script type=\"application\/ld+json\" class=\"yoast-schema-graph\">{\"@context\":\"https:\\\/\\\/schema.org\",\"@graph\":[{\"@type\":\"WebPage\",\"@id\":\"https:\\\/\\\/cto-taniec.pl\\\/rybnik\\\/kontakt\\\/\",\"url\":\"https:\\\/\\\/cto-taniec.pl\\\/rybnik\\\/kontakt\\\/\",\"name\":\"Kontakt - CTO Rybnik\",\"isPartOf\":{\"@id\":\"https:\\\/\\\/cto-taniec.pl\\\/rybnik\\\/#website\"},\"datePublished\":\"2021-11-16T14:41:12+00:00\",\"dateModified\":\"2025-10-02T14:07:30+00:00\",\"breadcrumb\":{\"@id\":\"https:\\\/\\\/cto-taniec.pl\\\/rybnik\\\/kontakt\\\/#breadcrumb\"},\"inLanguage\":\"pl-PL\",\"potentialAction\":[{\"@type\":\"ReadAction\",\"target\":[\"https:\\\/\\\/cto-taniec.pl\\\/rybnik\\\/kontakt\\\/\"]}]},{\"@type\":\"BreadcrumbList\",\"@id\":\"https:\\\/\\\/cto-taniec.pl\\\/rybnik\\\/kontakt\\\/#breadcrumb\",\"itemListElement\":[{\"@type\":\"ListItem\",\"position\":1,\"name\":\"Home\",\"item\":\"https:\\\/\\\/cto-taniec.pl\\\/rybnik\\\/\"},{\"@type\":\"ListItem\",\"position\":2,\"name\":\"Kontakt\"}]},{\"@type\":\"WebSite\",\"@id\":\"https:\\\/\\\/cto-taniec.pl\\\/rybnik\\\/#website\",\"url\":\"https:\\\/\\\/cto-taniec.pl\\\/rybnik\\\/\",\"name\":\"CTO Rybnik\",\"description\":\"Profesjonalna szko\u0142a ta\u0144ca w Rybniku\",\"publisher\":{\"@id\":\"https:\\\/\\\/cto-taniec.pl\\\/rybnik\\\/#organization\"},\"potentialAction\":[{\"@type\":\"SearchAction\",\"target\":{\"@type\":\"EntryPoint\",\"urlTemplate\":\"https:\\\/\\\/cto-taniec.pl\\\/rybnik\\\/?s={search_term_string}\"},\"query-input\":{\"@type\":\"PropertyValueSpecification\",\"valueRequired\":true,\"valueName\":\"search_term_string\"}}],\"inLanguage\":\"pl-PL\"},{\"@type\":\"Organization\",\"@id\":\"https:\\\/\\\/cto-taniec.pl\\\/rybnik\\\/#organization\",\"name\":\"CTO Rybnik\",\"url\":\"https:\\\/\\\/cto-taniec.pl\\\/rybnik\\\/\",\"logo\":{\"@type\":\"ImageObject\",\"inLanguage\":\"pl-PL\",\"@id\":\"https:\\\/\\\/cto-taniec.pl\\\/rybnik\\\/#\\\/schema\\\/logo\\\/image\\\/\",\"url\":\"https:\\\/\\\/cto-taniec.pl\\\/rybnik\\\/wp-content\\\/uploads\\\/sites\\\/3\\\/2021\\\/11\\\/CTO-Black-Logo.svg\",\"contentUrl\":\"https:\\\/\\\/cto-taniec.pl\\\/rybnik\\\/wp-content\\\/uploads\\\/sites\\\/3\\\/2021\\\/11\\\/CTO-Black-Logo.svg\",\"width\":74,\"height\":120,\"caption\":\"CTO Rybnik\"},\"image\":{\"@id\":\"https:\\\/\\\/cto-taniec.pl\\\/rybnik\\\/#\\\/schema\\\/logo\\\/image\\\/\"},\"sameAs\":[\"https:\\\/\\\/www.facebook.com\\\/cto.rybnik\",\"https:\\\/\\\/www.instagram.com\\\/cto_dancestudio\\\/\"]}]}<\/script>\n<!-- \/ Yoast SEO plugin. -->","yoast_head_json":{"title":"Kontakt - CTO Rybnik","robots":{"index":"index","follow":"follow","max-snippet":"max-snippet:-1","max-image-preview":"max-image-preview:large","max-video-preview":"max-video-preview:-1"},"canonical":"https:\/\/cto-taniec.pl\/rybnik\/kontakt\/","og_locale":"pl_PL","og_type":"article","og_title":"Kontakt - CTO Rybnik","og_description":"Cze\u015b\u0107! Jeste\u015bmy otwarci od&nbsp;poniedzia\u0142ku do pi\u0105tku w&nbsp;godzinach 15:00-21:00* *w Rybniku Instagram Facebook Numer konta bankowego:54 1750 0012 0000 0000 3057 5277 T: (+48) 884 887 529 Recepcja:kontakt@cto-taniec.pl Manager:biuro@cto-taniec.pl ul. Lutycka 644-100 Gliwice ul. Cichociemnych 1844-100 Gliwice ul. Czapli 544-100 Gliwice Check This Out T: (+48) 884\u00a0887\u00a0201 Recepcja:rybnik@cto-taniec.pl Manager:biuro@cto-taniec.pl ul. Grunwaldzka 4644-210 Rybnik Proudly created by [&hellip;]","og_url":"https:\/\/cto-taniec.pl\/rybnik\/kontakt\/","og_site_name":"CTO Rybnik","article_publisher":"https:\/\/www.facebook.com\/cto.rybnik","article_modified_time":"2025-10-02T14:07:30+00:00","og_image":[{"width":1500,"height":1000,"url":"https:\/\/cto-taniec.pl\/rybnik\/wp-content\/uploads\/sites\/3\/2021\/11\/HIP-HOP-FREESTYLE-DOROS\u0301LI.jpg","type":"image\/jpeg"}],"twitter_card":"summary_large_image","twitter_misc":{"Szacowany czas czytania":"1 minuta"},"schema":{"@context":"https:\/\/schema.org","@graph":[{"@type":"WebPage","@id":"https:\/\/cto-taniec.pl\/rybnik\/kontakt\/","url":"https:\/\/cto-taniec.pl\/rybnik\/kontakt\/","name":"Kontakt - CTO Rybnik","isPartOf":{"@id":"https:\/\/cto-taniec.pl\/rybnik\/#website"},"datePublished":"2021-11-16T14:41:12+00:00","dateModified":"2025-10-02T14:07:30+00:00","breadcrumb":{"@id":"https:\/\/cto-taniec.pl\/rybnik\/kontakt\/#breadcrumb"},"inLanguage":"pl-PL","potentialAction":[{"@type":"ReadAction","target":["https:\/\/cto-taniec.pl\/rybnik\/kontakt\/"]}]},{"@type":"BreadcrumbList","@id":"https:\/\/cto-taniec.pl\/rybnik\/kontakt\/#breadcrumb","itemListElement":[{"@type":"ListItem","position":1,"name":"Home","item":"https:\/\/cto-taniec.pl\/rybnik\/"},{"@type":"ListItem","position":2,"name":"Kontakt"}]},{"@type":"WebSite","@id":"https:\/\/cto-taniec.pl\/rybnik\/#website","url":"https:\/\/cto-taniec.pl\/rybnik\/","name":"CTO Rybnik","description":"Profesjonalna szko\u0142a ta\u0144ca w Rybniku","publisher":{"@id":"https:\/\/cto-taniec.pl\/rybnik\/#organization"},"potentialAction":[{"@type":"SearchAction","target":{"@type":"EntryPoint","urlTemplate":"https:\/\/cto-taniec.pl\/rybnik\/?s={search_term_string}"},"query-input":{"@type":"PropertyValueSpecification","valueRequired":true,"valueName":"search_term_string"}}],"inLanguage":"pl-PL"},{"@type":"Organization","@id":"https:\/\/cto-taniec.pl\/rybnik\/#organization","name":"CTO Rybnik","url":"https:\/\/cto-taniec.pl\/rybnik\/","logo":{"@type":"ImageObject","inLanguage":"pl-PL","@id":"https:\/\/cto-taniec.pl\/rybnik\/#\/schema\/logo\/image\/","url":"https:\/\/cto-taniec.pl\/rybnik\/wp-content\/uploads\/sites\/3\/2021\/11\/CTO-Black-Logo.svg","contentUrl":"https:\/\/cto-taniec.pl\/rybnik\/wp-content\/uploads\/sites\/3\/2021\/11\/CTO-Black-Logo.svg","width":74,"height":120,"caption":"CTO Rybnik"},"image":{"@id":"https:\/\/cto-taniec.pl\/rybnik\/#\/schema\/logo\/image\/"},"sameAs":["https:\/\/www.facebook.com\/cto.rybnik","https:\/\/www.instagram.com\/cto_dancestudio\/"]}]}},"_links":{"self":[{"href":"https:\/\/cto-taniec.pl\/rybnik\/wp-json\/wp\/v2\/pages\/230","targetHints":{"allow":["GET"]}}],"collection":[{"href":"https:\/\/cto-taniec.pl\/rybnik\/wp-json\/wp\/v2\/pages"}],"about":[{"href":"https:\/\/cto-taniec.pl\/rybnik\/wp-json\/wp\/v2\/types\/page"}],"author":[{"embeddable":true,"href":"https:\/\/cto-taniec.pl\/rybnik\/wp-json\/wp\/v2\/users\/1"}],"replies":[{"embeddable":true,"href":"https:\/\/cto-taniec.pl\/rybnik\/wp-json\/wp\/v2\/comments?post=230"}],"version-history":[{"count":23,"href":"https:\/\/cto-taniec.pl\/rybnik\/wp-json\/wp\/v2\/pages\/230\/revisions"}],"predecessor-version":[{"id":4576,"href":"https:\/\/cto-taniec.pl\/rybnik\/wp-json\/wp\/v2\/pages\/230\/revisions\/4576"}],"wp:attachment":[{"href":"https:\/\/cto-taniec.pl\/rybnik\/wp-json\/wp\/v2\/media?parent=230"}],"curies":[{"name":"wp","href":"https:\/\/api.w.org\/{rel}","templated":true}]}}