{"id":4547,"date":"2025-09-17T12:04:48","date_gmt":"2025-09-17T10:04:48","guid":{"rendered":"https:\/\/cto-taniec.pl\/ctp\/oferta-2\/"},"modified":"2025-09-26T15:38:03","modified_gmt":"2025-09-26T13:38:03","slug":"oferta","status":"publish","type":"page","link":"https:\/\/cto-taniec.pl\/ctp\/oferta\/","title":{"rendered":"Oferta"},"content":{"rendered":"\t\t<div data-elementor-type=\"wp-page\" data-elementor-id=\"4547\" class=\"elementor elementor-4547\" data-elementor-post-type=\"page\">\n\t\t\t\t<div class=\"elementor-element elementor-element-22e51b1 e-flex e-con-boxed e-con e-parent\" data-id=\"22e51b1\" data-element_type=\"container\">\n\t\t\t\t\t<div class=\"e-con-inner\">\n\t\t\t\t<div class=\"elementor-element elementor-element-0a4568f elementor-widget elementor-widget-heading\" data-id=\"0a4568f\" data-element_type=\"widget\" data-widget_type=\"heading.default\">\n\t\t\t\t\t<h1 class=\"elementor-heading-title elementor-size-default\">Oferta<\/h1>\t\t\t\t<\/div>\n\t\t\t\t<div class=\"elementor-element elementor-element-2f819ab elementor-widget elementor-widget-text-editor\" data-id=\"2f819ab\" data-element_type=\"widget\" data-widget_type=\"text-editor.default\">\n\t\t\t\t\t\t\t\t\t<p>U nas ka\u017cdy znajdzie co\u015b dla siebie \u2014 niezale\u017cnie od poziomu zaawansowania. Ka\u017cdy \u0107wiczy na w\u0142asnej rurce \u2013 nie musisz dzieli\u0107 si\u0119 z nikim innym, dzi\u0119ki czemu mo\u017cesz w pe\u0142ni skupi\u0107 si\u0119 na swoim treningu. Dbamy o indywidualne podej\u015bcie, przyjazn\u0105 atmosfer\u0119 i profesjonalizm instruktorek. Wybierz swoje zaj\u0119cia i przekonaj si\u0119, jak wiele rado\u015bci i satysfakcji daje trening na rurce!<\/p>\t\t\t\t\t\t\t\t<\/div>\n\t\t\t\t\t<\/div>\n\t\t\t\t<\/div>\n\t\t<div class=\"elementor-element elementor-element-82aeba2 e-flex e-con-boxed e-con e-child\" data-id=\"82aeba2\" data-element_type=\"container\">\n\t\t\t\t\t<div class=\"e-con-inner\">\n\t\t\t\t<div class=\"elementor-element elementor-element-f85df26 elementor-cta--layout-image-above elementor-widget__width-inherit elementor-widget-mobile__width-inherit oferta elementor-cta--skin-classic elementor-animated-content elementor-widget elementor-widget-call-to-action\" data-id=\"f85df26\" data-element_type=\"widget\" data-widget_type=\"call-to-action.default\">\n\t\t\t\t\t\t\t<a class=\"elementor-cta\" href=\"https:\/\/cto-taniec.pl\/ctp\/mlodziez\/\">\n\t\t\t\t\t<div class=\"elementor-cta__bg-wrapper\">\n\t\t\t\t<div class=\"elementor-cta__bg elementor-bg\" style=\"background-image: url(https:\/\/cto-taniec.pl\/ctp\/wp-content\/uploads\/sites\/5\/2025\/09\/3.-MLODZIEZ-scaled.webp);\" role=\"img\" aria-label=\"3. M\u0141ODZIEZ\u0307\"><\/div>\n\t\t\t\t<div class=\"elementor-cta__bg-overlay\"><\/div>\n\t\t\t<\/div>\n\t\t\t\t\t\t\t<div class=\"elementor-cta__content\">\n\t\t\t\t\n\t\t\t\t\t\t\t\t\t<h3 class=\"elementor-cta__title elementor-cta__content-item elementor-content-item\">\n\t\t\t\t\t\tM\u0142odzie\u017c\t\t\t\t\t<\/h3>\n\t\t\t\t\n\t\t\t\t\n\t\t\t\t\t\t\t<\/div>\n\t\t\t\t\t\t<\/a>\n\t\t\t\t\t\t<\/div>\n\t\t\t\t<div class=\"elementor-element elementor-element-4ffd0e8 elementor-cta--layout-image-above elementor-widget__width-inherit elementor-widget-mobile__width-inherit oferta elementor-cta--skin-classic elementor-animated-content elementor-widget elementor-widget-call-to-action\" data-id=\"4ffd0e8\" data-element_type=\"widget\" data-widget_type=\"call-to-action.default\">\n\t\t\t\t\t\t\t<a class=\"elementor-cta\" href=\"https:\/\/cto-taniec.pl\/ctp\/dorosli\/\">\n\t\t\t\t\t<div class=\"elementor-cta__bg-wrapper\">\n\t\t\t\t<div class=\"elementor-cta__bg elementor-bg\" style=\"background-image: url(https:\/\/cto-taniec.pl\/ctp\/wp-content\/uploads\/sites\/5\/2025\/09\/3.-DOROSLI-scaled.webp);\" role=\"img\" aria-label=\"3. DOROS\u0301LI\"><\/div>\n\t\t\t\t<div class=\"elementor-cta__bg-overlay\"><\/div>\n\t\t\t<\/div>\n\t\t\t\t\t\t\t<div class=\"elementor-cta__content\">\n\t\t\t\t\n\t\t\t\t\t\t\t\t\t<h3 class=\"elementor-cta__title elementor-cta__content-item elementor-content-item\">\n\t\t\t\t\t\tDoro\u015bli\t\t\t\t\t<\/h3>\n\t\t\t\t\n\t\t\t\t\n\t\t\t\t\t\t\t<\/div>\n\t\t\t\t\t\t<\/a>\n\t\t\t\t\t\t<\/div>\n\t\t\t\t\t<\/div>\n\t\t\t\t<\/div>\n\t\t<div class=\"elementor-element elementor-element-c449c5e e-flex e-con-boxed e-con e-parent\" data-id=\"c449c5e\" data-element_type=\"container\" data-settings=\"{&quot;background_background&quot;:&quot;classic&quot;}\">\n\t\t\t\t\t<div class=\"e-con-inner\">\n\t\t<div class=\"elementor-element elementor-element-518ec8e e-con-full e-flex e-con e-child\" data-id=\"518ec8e\" data-element_type=\"container\">\n\t\t\t\t<div class=\"elementor-element elementor-element-ac94ca7 elementor-widget elementor-widget-heading\" data-id=\"ac94ca7\" data-element_type=\"widget\" data-widget_type=\"heading.default\">\n\t\t\t\t\t<h2 class=\"elementor-heading-title elementor-size-default\">Dodatkowa<br>oferta<\/h2>\t\t\t\t<\/div>\n\t\t\t\t<div class=\"elementor-element elementor-element-a3f35e9 elementor-widget elementor-widget-text-editor\" data-id=\"a3f35e9\" data-element_type=\"widget\" data-widget_type=\"text-editor.default\">\n\t\t\t\t\t\t\t\t\t<p>W naszej ofercie znajdziesz r\u00f3wnie\u017c lekcje indywidualne oraz mo\u017cliwo\u015b\u0107 zorganizowania imprez okoliczno\u015bciowych.<\/p><p>W razie jakichkolwiek pyta\u0144 <a href=\"https:\/\/cto-taniec.pl\/ctp\/kontakt\/\"><span style=\"text-decoration: underline;\">skontaktuj si\u0119<\/span><\/a> z nami bezpo\u015brednio!<\/p>\t\t\t\t\t\t\t\t<\/div>\n\t\t\t\t<\/div>\n\t\t<div class=\"elementor-element elementor-element-49baf8d e-con-full e-flex e-con e-child\" data-id=\"49baf8d\" data-element_type=\"container\">\n\t\t\t\t<div class=\"elementor-element elementor-element-88b28ac elementor-widget elementor-widget-toggle\" data-id=\"88b28ac\" data-element_type=\"widget\" data-widget_type=\"toggle.default\">\n\t\t\t\t\t\t\t<div class=\"elementor-toggle\">\n\t\t\t\t\t\t\t<div class=\"elementor-toggle-item\">\n\t\t\t\t\t<div id=\"elementor-tab-title-1431\" class=\"elementor-tab-title\" data-tab=\"1\" role=\"button\" aria-controls=\"elementor-tab-content-1431\" aria-expanded=\"false\">\n\t\t\t\t\t\t\t\t\t\t\t\t<span class=\"elementor-toggle-icon elementor-toggle-icon-right\" aria-hidden=\"true\">\n\t\t\t\t\t\t\t\t\t\t\t\t\t\t\t<span class=\"elementor-toggle-icon-closed\"><svg class=\"e-font-icon-svg e-fas-plus\" viewBox=\"0 0 448 512\" xmlns=\"http:\/\/www.w3.org\/2000\/svg\"><path d=\"M416 208H272V64c0-17.67-14.33-32-32-32h-32c-17.67 0-32 14.33-32 32v144H32c-17.67 0-32 14.33-32 32v32c0 17.67 14.33 32 32 32h144v144c0 17.67 14.33 32 32 32h32c17.67 0 32-14.33 32-32V304h144c17.67 0 32-14.33 32-32v-32c0-17.67-14.33-32-32-32z\"><\/path><\/svg><\/span>\n\t\t\t\t\t\t\t\t<span class=\"elementor-toggle-icon-opened\"><svg class=\"elementor-toggle-icon-opened e-font-icon-svg e-fas-minus\" viewBox=\"0 0 448 512\" xmlns=\"http:\/\/www.w3.org\/2000\/svg\"><path d=\"M416 208H32c-17.67 0-32 14.33-32 32v32c0 17.67 14.33 32 32 32h384c17.67 0 32-14.33 32-32v-32c0-17.67-14.33-32-32-32z\"><\/path><\/svg><\/span>\n\t\t\t\t\t\t\t\t\t\t\t\t\t<\/span>\n\t\t\t\t\t\t\t\t\t\t\t\t<a class=\"elementor-toggle-title\" tabindex=\"0\">Lekcje indywidualne<\/a>\n\t\t\t\t\t<\/div>\n\n\t\t\t\t\t<div id=\"elementor-tab-content-1431\" class=\"elementor-tab-content elementor-clearfix\" data-tab=\"1\" role=\"region\" aria-labelledby=\"elementor-tab-title-1431\"><p>Je\u015bli czujesz, \u017ce zaj\u0119cia grupowe to dla Ciebie za ma\u0142o, \u017ce chcesz jeszcze wi\u0119cej, w CTP masz mo\u017cliwo\u015b\u0107 wykupienia lekcji indywidualnych z dowoln\u0105 instruktork\u0105! To czas, kt\u00f3ry zostanie w 100% po\u015bwi\u0119cony Tobie i Twojej technice.<\/p><p><span style=\"color: #2b7c6e;\"><a style=\"color: #2b7c6e;\" href=\"https:\/\/cto-taniec.pl\/ctp\/cennik\/\"><span style=\"text-decoration: underline;\"><strong><span style=\"color: #d47161; text-decoration: underline;\">Zobacz cennik<\/span><\/strong><\/span><\/a><\/span><\/p><\/div>\n\t\t\t\t<\/div>\n\t\t\t\t\t\t\t<div class=\"elementor-toggle-item\">\n\t\t\t\t\t<div id=\"elementor-tab-title-1432\" class=\"elementor-tab-title\" data-tab=\"2\" role=\"button\" aria-controls=\"elementor-tab-content-1432\" aria-expanded=\"false\">\n\t\t\t\t\t\t\t\t\t\t\t\t<span class=\"elementor-toggle-icon elementor-toggle-icon-right\" aria-hidden=\"true\">\n\t\t\t\t\t\t\t\t\t\t\t\t\t\t\t<span class=\"elementor-toggle-icon-closed\"><svg class=\"e-font-icon-svg e-fas-plus\" viewBox=\"0 0 448 512\" xmlns=\"http:\/\/www.w3.org\/2000\/svg\"><path d=\"M416 208H272V64c0-17.67-14.33-32-32-32h-32c-17.67 0-32 14.33-32 32v144H32c-17.67 0-32 14.33-32 32v32c0 17.67 14.33 32 32 32h144v144c0 17.67 14.33 32 32 32h32c17.67 0 32-14.33 32-32V304h144c17.67 0 32-14.33 32-32v-32c0-17.67-14.33-32-32-32z\"><\/path><\/svg><\/span>\n\t\t\t\t\t\t\t\t<span class=\"elementor-toggle-icon-opened\"><svg class=\"elementor-toggle-icon-opened e-font-icon-svg e-fas-minus\" viewBox=\"0 0 448 512\" xmlns=\"http:\/\/www.w3.org\/2000\/svg\"><path d=\"M416 208H32c-17.67 0-32 14.33-32 32v32c0 17.67 14.33 32 32 32h384c17.67 0 32-14.33 32-32v-32c0-17.67-14.33-32-32-32z\"><\/path><\/svg><\/span>\n\t\t\t\t\t\t\t\t\t\t\t\t\t<\/span>\n\t\t\t\t\t\t\t\t\t\t\t\t<a class=\"elementor-toggle-title\" tabindex=\"0\">Wiecz\u00f3r panie\u0144ski<\/a>\n\t\t\t\t\t<\/div>\n\n\t\t\t\t\t<div id=\"elementor-tab-content-1432\" class=\"elementor-tab-content elementor-clearfix\" data-tab=\"2\" role=\"region\" aria-labelledby=\"elementor-tab-title-1432\"><p>Szukasz wyj\u0105tkowego pomys\u0142u na udany wiecz\u00f3r panie\u0144ski? Chcesz \u017ceby atrakcje by\u0142y niebanalne? Zajmiemy si\u0119 tym! Wiecz\u00f3r panie\u0144ski na rurze, to zawsze doskona\u0142y wyb\u00f3r. Gor\u0105cy Exotic, a mo\u017ce Pole Art czy po prostu Pole Dance? Wsp\u00f3lnie dobierzemy dla Was styl, kt\u00f3ry b\u0119dzie pasowa\u0142 do temperamentu przysz\u0142ej Panny M\u0142odej i jej go\u015bci. Opr\u00f3cz tego wybieraj\u0105c pakiet r\u00f3\u017cowy, zapewnimy \u015bliczne dekoracje, chrupi\u0105ce przek\u0105ski oraz kieliszek szampana. To b\u0119dzie naprawd\u0119 wyj\u0105tkowy czas!<\/p><p><span style=\"color: #2b7c6e;\"><a style=\"color: #2b7c6e;\" href=\"https:\/\/cto-taniec.pl\/ctp\/wieczor-panienski\/\"><span style=\"text-decoration: underline;\"><strong><span style=\"color: #d47161; text-decoration: underline;\">Zobacz cennik<\/span><\/strong><\/span><\/a><\/span><\/p><\/div>\n\t\t\t\t<\/div>\n\t\t\t\t\t\t\t<div class=\"elementor-toggle-item\">\n\t\t\t\t\t<div id=\"elementor-tab-title-1433\" class=\"elementor-tab-title\" data-tab=\"3\" role=\"button\" aria-controls=\"elementor-tab-content-1433\" aria-expanded=\"false\">\n\t\t\t\t\t\t\t\t\t\t\t\t<span class=\"elementor-toggle-icon elementor-toggle-icon-right\" aria-hidden=\"true\">\n\t\t\t\t\t\t\t\t\t\t\t\t\t\t\t<span class=\"elementor-toggle-icon-closed\"><svg class=\"e-font-icon-svg e-fas-plus\" viewBox=\"0 0 448 512\" xmlns=\"http:\/\/www.w3.org\/2000\/svg\"><path d=\"M416 208H272V64c0-17.67-14.33-32-32-32h-32c-17.67 0-32 14.33-32 32v144H32c-17.67 0-32 14.33-32 32v32c0 17.67 14.33 32 32 32h144v144c0 17.67 14.33 32 32 32h32c17.67 0 32-14.33 32-32V304h144c17.67 0 32-14.33 32-32v-32c0-17.67-14.33-32-32-32z\"><\/path><\/svg><\/span>\n\t\t\t\t\t\t\t\t<span class=\"elementor-toggle-icon-opened\"><svg class=\"elementor-toggle-icon-opened e-font-icon-svg e-fas-minus\" viewBox=\"0 0 448 512\" xmlns=\"http:\/\/www.w3.org\/2000\/svg\"><path d=\"M416 208H32c-17.67 0-32 14.33-32 32v32c0 17.67 14.33 32 32 32h384c17.67 0 32-14.33 32-32v-32c0-17.67-14.33-32-32-32z\"><\/path><\/svg><\/span>\n\t\t\t\t\t\t\t\t\t\t\t\t\t<\/span>\n\t\t\t\t\t\t\t\t\t\t\t\t<a class=\"elementor-toggle-title\" tabindex=\"0\">Wynajem sali<\/a>\n\t\t\t\t\t<\/div>\n\n\t\t\t\t\t<div id=\"elementor-tab-content-1433\" class=\"elementor-tab-content elementor-clearfix\" data-tab=\"3\" role=\"region\" aria-labelledby=\"elementor-tab-title-1433\"><p>Oferujemy mo\u017cliwo\u015b\u0107 wynajmu naszej przestronnej i w pe\u0142ni wyposa\u017conej sali treningowej. To idealne miejsce do organizacji zaj\u0119\u0107 pole dance, warsztat\u00f3w, trening\u00f3w indywidualnych lub innych aktywno\u015bci zwi\u0105zanych z ta\u0144cem i ruchem. Sala jest dost\u0119pna na wy\u0142\u0105czno\u015b\u0107, co zapewnia komfort i swobod\u0119 podczas Twojego treningu lub eventu. Zapewniamy dost\u0119p do w\u0142asnych rur oraz przyjazn\u0105 atmosfer\u0119, kt\u00f3ra sprzyja rozwijaniu pasji i umiej\u0119tno\u015bci.<\/p><p><span style=\"color: #2b7c6e;\"><a style=\"color: #2b7c6e;\" href=\"https:\/\/cto-taniec.pl\/ctp\/wynajem-sali\/\"><span style=\"text-decoration: underline;\"><strong><span style=\"color: #d47161; text-decoration: underline;\">Zobacz cennik<\/span><\/strong><\/span><\/a><\/span><\/p><\/div>\n\t\t\t\t<\/div>\n\t\t\t\t\t\t\t\t<\/div>\n\t\t\t\t\t\t<\/div>\n\t\t\t\t<\/div>\n\t\t\t\t\t<\/div>\n\t\t\t\t<\/div>\n\t\t<div class=\"elementor-element elementor-element-e8595ee e-flex e-con-boxed e-con e-parent\" data-id=\"e8595ee\" data-element_type=\"container\" data-settings=\"{&quot;background_background&quot;:&quot;classic&quot;}\">\n\t\t\t\t\t<div class=\"e-con-inner\">\n\t\t<div class=\"elementor-element elementor-element-39f344a e-con-full e-flex e-con e-child\" data-id=\"39f344a\" data-element_type=\"container\" data-settings=\"{&quot;background_background&quot;:&quot;classic&quot;}\">\n\t\t\t\t<div class=\"elementor-element elementor-element-b45044d elementor-widget elementor-widget-heading\" data-id=\"b45044d\" data-element_type=\"widget\" data-widget_type=\"heading.default\">\n\t\t\t\t\t<h2 class=\"elementor-heading-title elementor-size-default\">Masz pytania?<br>Skontaktuj si\u0119\u00a0z nami!<\/h2>\t\t\t\t<\/div>\n\t\t\t\t<div class=\"elementor-element elementor-element-d82b54c elementor-icon-list--layout-traditional elementor-list-item-link-full_width elementor-widget elementor-widget-icon-list\" data-id=\"d82b54c\" data-element_type=\"widget\" data-widget_type=\"icon-list.default\">\n\t\t\t\t\t\t\t<ul class=\"elementor-icon-list-items\">\n\t\t\t\t\t\t\t<li class=\"elementor-icon-list-item\">\n\t\t\t\t\t\t\t\t\t\t\t<span class=\"elementor-icon-list-icon\">\n\t\t\t\t\t\t\t<svg aria-hidden=\"true\" class=\"e-font-icon-svg e-fas-phone-alt\" viewBox=\"0 0 512 512\" xmlns=\"http:\/\/www.w3.org\/2000\/svg\"><path d=\"M497.39 361.8l-112-48a24 24 0 0 0-28 6.9l-49.6 60.6A370.66 370.66 0 0 1 130.6 204.11l60.6-49.6a23.94 23.94 0 0 0 6.9-28l-48-112A24.16 24.16 0 0 0 122.6.61l-104 24A24 24 0 0 0 0 48c0 256.5 207.9 464 464 464a24 24 0 0 0 23.4-18.6l24-104a24.29 24.29 0 0 0-14.01-27.6z\"><\/path><\/svg>\t\t\t\t\t\t<\/span>\n\t\t\t\t\t\t\t\t\t\t<span class=\"elementor-icon-list-text\">(+48) 668-882-858<\/span>\n\t\t\t\t\t\t\t\t\t<\/li>\n\t\t\t\t\t\t\t\t<li class=\"elementor-icon-list-item\">\n\t\t\t\t\t\t\t\t\t\t\t<span class=\"elementor-icon-list-icon\">\n\t\t\t\t\t\t\t<svg aria-hidden=\"true\" class=\"e-font-icon-svg e-fas-inbox\" viewBox=\"0 0 576 512\" xmlns=\"http:\/\/www.w3.org\/2000\/svg\"><path d=\"M567.938 243.908L462.25 85.374A48.003 48.003 0 0 0 422.311 64H153.689a48 48 0 0 0-39.938 21.374L8.062 243.908A47.994 47.994 0 0 0 0 270.533V400c0 26.51 21.49 48 48 48h480c26.51 0 48-21.49 48-48V270.533a47.994 47.994 0 0 0-8.062-26.625zM162.252 128h251.497l85.333 128H376l-32 64H232l-32-64H76.918l85.334-128z\"><\/path><\/svg>\t\t\t\t\t\t<\/span>\n\t\t\t\t\t\t\t\t\t\t<span class=\"elementor-icon-list-text\">kontakt.ctp@gmail.com<\/span>\n\t\t\t\t\t\t\t\t\t<\/li>\n\t\t\t\t\t\t<\/ul>\n\t\t\t\t\t\t<\/div>\n\t\t\t\t<\/div>\n\t\t\t\t\t<\/div>\n\t\t\t\t<\/div>\n\t\t\t\t<\/div>\n\t\t","protected":false},"excerpt":{"rendered":"<p>Oferta U nas ka\u017cdy znajdzie co\u015b dla siebie \u2014 niezale\u017cnie od poziomu zaawansowania. Ka\u017cdy \u0107wiczy na w\u0142asnej rurce \u2013 nie musisz dzieli\u0107 si\u0119 z nikim innym, dzi\u0119ki czemu mo\u017cesz w pe\u0142ni skupi\u0107 si\u0119 na swoim treningu. Dbamy o indywidualne podej\u015bcie, przyjazn\u0105 atmosfer\u0119 i profesjonalizm instruktorek. Wybierz swoje zaj\u0119cia i przekonaj si\u0119, jak wiele rado\u015bci i [&hellip;]<\/p>\n","protected":false},"author":1,"featured_media":0,"parent":0,"menu_order":0,"comment_status":"closed","ping_status":"closed","template":"elementor_header_footer","meta":{"_acf_changed":false,"footnotes":""},"class_list":["post-4547","page","type-page","status-publish","hentry"],"acf":[],"yoast_head":"<!-- This site is optimized with the Yoast SEO plugin v27.5 - https:\/\/yoast.com\/product\/yoast-seo-wordpress\/ -->\n<title>Oferta - Check This Pole Gliwice<\/title>\n<meta name=\"robots\" content=\"index, follow, max-snippet:-1, max-image-preview:large, max-video-preview:-1\" \/>\n<link rel=\"canonical\" href=\"https:\/\/cto-taniec.pl\/ctp\/oferta\/\" \/>\n<meta property=\"og:locale\" content=\"pl_PL\" \/>\n<meta property=\"og:type\" content=\"article\" \/>\n<meta property=\"og:title\" content=\"Oferta - Check This Pole Gliwice\" \/>\n<meta property=\"og:description\" content=\"Oferta U nas ka\u017cdy znajdzie co\u015b dla siebie \u2014 niezale\u017cnie od poziomu zaawansowania. Ka\u017cdy \u0107wiczy na w\u0142asnej rurce \u2013 nie musisz dzieli\u0107 si\u0119 z nikim innym, dzi\u0119ki czemu mo\u017cesz w pe\u0142ni skupi\u0107 si\u0119 na swoim treningu. Dbamy o indywidualne podej\u015bcie, przyjazn\u0105 atmosfer\u0119 i profesjonalizm instruktorek. Wybierz swoje zaj\u0119cia i przekonaj si\u0119, jak wiele rado\u015bci i [&hellip;]\" \/>\n<meta property=\"og:url\" content=\"https:\/\/cto-taniec.pl\/ctp\/oferta\/\" \/>\n<meta property=\"og:site_name\" content=\"Check This Pole Gliwice\" \/>\n<meta property=\"article:publisher\" content=\"https:\/\/www.facebook.com\/profile.php?id=61578833316667\" \/>\n<meta property=\"article:modified_time\" content=\"2025-09-26T13:38:03+00:00\" \/>\n<meta name=\"twitter:card\" content=\"summary_large_image\" \/>\n<meta name=\"twitter:label1\" content=\"Szacowany czas czytania\" \/>\n\t<meta name=\"twitter:data1\" content=\"2 minuty\" \/>\n<script type=\"application\/ld+json\" class=\"yoast-schema-graph\">{\"@context\":\"https:\\\/\\\/schema.org\",\"@graph\":[{\"@type\":\"WebPage\",\"@id\":\"https:\\\/\\\/cto-taniec.pl\\\/ctp\\\/oferta\\\/\",\"url\":\"https:\\\/\\\/cto-taniec.pl\\\/ctp\\\/oferta\\\/\",\"name\":\"Oferta - Check This Pole Gliwice\",\"isPartOf\":{\"@id\":\"https:\\\/\\\/cto-taniec.pl\\\/ctp\\\/#website\"},\"datePublished\":\"2025-09-17T10:04:48+00:00\",\"dateModified\":\"2025-09-26T13:38:03+00:00\",\"breadcrumb\":{\"@id\":\"https:\\\/\\\/cto-taniec.pl\\\/ctp\\\/oferta\\\/#breadcrumb\"},\"inLanguage\":\"pl-PL\",\"potentialAction\":[{\"@type\":\"ReadAction\",\"target\":[\"https:\\\/\\\/cto-taniec.pl\\\/ctp\\\/oferta\\\/\"]}]},{\"@type\":\"BreadcrumbList\",\"@id\":\"https:\\\/\\\/cto-taniec.pl\\\/ctp\\\/oferta\\\/#breadcrumb\",\"itemListElement\":[{\"@type\":\"ListItem\",\"position\":1,\"name\":\"Strona g\u0142\u00f3wna\",\"item\":\"https:\\\/\\\/cto-taniec.pl\\\/ctp\\\/\"},{\"@type\":\"ListItem\",\"position\":2,\"name\":\"Oferta\"}]},{\"@type\":\"WebSite\",\"@id\":\"https:\\\/\\\/cto-taniec.pl\\\/ctp\\\/#website\",\"url\":\"https:\\\/\\\/cto-taniec.pl\\\/ctp\\\/\",\"name\":\"Check This Pole Gliwice\",\"description\":\"Profesjonalna szko\u0142a ta\u0144ca w Gliwicach\",\"publisher\":{\"@id\":\"https:\\\/\\\/cto-taniec.pl\\\/ctp\\\/#organization\"},\"potentialAction\":[{\"@type\":\"SearchAction\",\"target\":{\"@type\":\"EntryPoint\",\"urlTemplate\":\"https:\\\/\\\/cto-taniec.pl\\\/ctp\\\/?s={search_term_string}\"},\"query-input\":{\"@type\":\"PropertyValueSpecification\",\"valueRequired\":true,\"valueName\":\"search_term_string\"}}],\"inLanguage\":\"pl-PL\"},{\"@type\":\"Organization\",\"@id\":\"https:\\\/\\\/cto-taniec.pl\\\/ctp\\\/#organization\",\"name\":\"Check This Pole Gliwice\",\"url\":\"https:\\\/\\\/cto-taniec.pl\\\/ctp\\\/\",\"logo\":{\"@type\":\"ImageObject\",\"inLanguage\":\"pl-PL\",\"@id\":\"https:\\\/\\\/cto-taniec.pl\\\/ctp\\\/#\\\/schema\\\/logo\\\/image\\\/\",\"url\":\"https:\\\/\\\/cto-taniec.pl\\\/ctp\\\/wp-content\\\/uploads\\\/sites\\\/5\\\/2025\\\/09\\\/Logo_Check-This-Pole_kolor-1-scaled.png\",\"contentUrl\":\"https:\\\/\\\/cto-taniec.pl\\\/ctp\\\/wp-content\\\/uploads\\\/sites\\\/5\\\/2025\\\/09\\\/Logo_Check-This-Pole_kolor-1-scaled.png\",\"width\":2560,\"height\":2560,\"caption\":\"Check This Pole Gliwice\"},\"image\":{\"@id\":\"https:\\\/\\\/cto-taniec.pl\\\/ctp\\\/#\\\/schema\\\/logo\\\/image\\\/\"},\"sameAs\":[\"https:\\\/\\\/www.facebook.com\\\/profile.php?id=61578833316667\",\"https:\\\/\\\/www.instagram.com\\\/checkthis_pole\\\/\"]}]}<\/script>\n<!-- \/ Yoast SEO plugin. -->","yoast_head_json":{"title":"Oferta - Check This Pole Gliwice","robots":{"index":"index","follow":"follow","max-snippet":"max-snippet:-1","max-image-preview":"max-image-preview:large","max-video-preview":"max-video-preview:-1"},"canonical":"https:\/\/cto-taniec.pl\/ctp\/oferta\/","og_locale":"pl_PL","og_type":"article","og_title":"Oferta - Check This Pole Gliwice","og_description":"Oferta U nas ka\u017cdy znajdzie co\u015b dla siebie \u2014 niezale\u017cnie od poziomu zaawansowania. Ka\u017cdy \u0107wiczy na w\u0142asnej rurce \u2013 nie musisz dzieli\u0107 si\u0119 z nikim innym, dzi\u0119ki czemu mo\u017cesz w pe\u0142ni skupi\u0107 si\u0119 na swoim treningu. Dbamy o indywidualne podej\u015bcie, przyjazn\u0105 atmosfer\u0119 i profesjonalizm instruktorek. Wybierz swoje zaj\u0119cia i przekonaj si\u0119, jak wiele rado\u015bci i [&hellip;]","og_url":"https:\/\/cto-taniec.pl\/ctp\/oferta\/","og_site_name":"Check This Pole Gliwice","article_publisher":"https:\/\/www.facebook.com\/profile.php?id=61578833316667","article_modified_time":"2025-09-26T13:38:03+00:00","twitter_card":"summary_large_image","twitter_misc":{"Szacowany czas czytania":"2 minuty"},"schema":{"@context":"https:\/\/schema.org","@graph":[{"@type":"WebPage","@id":"https:\/\/cto-taniec.pl\/ctp\/oferta\/","url":"https:\/\/cto-taniec.pl\/ctp\/oferta\/","name":"Oferta - Check This Pole Gliwice","isPartOf":{"@id":"https:\/\/cto-taniec.pl\/ctp\/#website"},"datePublished":"2025-09-17T10:04:48+00:00","dateModified":"2025-09-26T13:38:03+00:00","breadcrumb":{"@id":"https:\/\/cto-taniec.pl\/ctp\/oferta\/#breadcrumb"},"inLanguage":"pl-PL","potentialAction":[{"@type":"ReadAction","target":["https:\/\/cto-taniec.pl\/ctp\/oferta\/"]}]},{"@type":"BreadcrumbList","@id":"https:\/\/cto-taniec.pl\/ctp\/oferta\/#breadcrumb","itemListElement":[{"@type":"ListItem","position":1,"name":"Strona g\u0142\u00f3wna","item":"https:\/\/cto-taniec.pl\/ctp\/"},{"@type":"ListItem","position":2,"name":"Oferta"}]},{"@type":"WebSite","@id":"https:\/\/cto-taniec.pl\/ctp\/#website","url":"https:\/\/cto-taniec.pl\/ctp\/","name":"Check This Pole Gliwice","description":"Profesjonalna szko\u0142a ta\u0144ca w Gliwicach","publisher":{"@id":"https:\/\/cto-taniec.pl\/ctp\/#organization"},"potentialAction":[{"@type":"SearchAction","target":{"@type":"EntryPoint","urlTemplate":"https:\/\/cto-taniec.pl\/ctp\/?s={search_term_string}"},"query-input":{"@type":"PropertyValueSpecification","valueRequired":true,"valueName":"search_term_string"}}],"inLanguage":"pl-PL"},{"@type":"Organization","@id":"https:\/\/cto-taniec.pl\/ctp\/#organization","name":"Check This Pole Gliwice","url":"https:\/\/cto-taniec.pl\/ctp\/","logo":{"@type":"ImageObject","inLanguage":"pl-PL","@id":"https:\/\/cto-taniec.pl\/ctp\/#\/schema\/logo\/image\/","url":"https:\/\/cto-taniec.pl\/ctp\/wp-content\/uploads\/sites\/5\/2025\/09\/Logo_Check-This-Pole_kolor-1-scaled.png","contentUrl":"https:\/\/cto-taniec.pl\/ctp\/wp-content\/uploads\/sites\/5\/2025\/09\/Logo_Check-This-Pole_kolor-1-scaled.png","width":2560,"height":2560,"caption":"Check This Pole Gliwice"},"image":{"@id":"https:\/\/cto-taniec.pl\/ctp\/#\/schema\/logo\/image\/"},"sameAs":["https:\/\/www.facebook.com\/profile.php?id=61578833316667","https:\/\/www.instagram.com\/checkthis_pole\/"]}]}},"_links":{"self":[{"href":"https:\/\/cto-taniec.pl\/ctp\/wp-json\/wp\/v2\/pages\/4547","targetHints":{"allow":["GET"]}}],"collection":[{"href":"https:\/\/cto-taniec.pl\/ctp\/wp-json\/wp\/v2\/pages"}],"about":[{"href":"https:\/\/cto-taniec.pl\/ctp\/wp-json\/wp\/v2\/types\/page"}],"author":[{"embeddable":true,"href":"https:\/\/cto-taniec.pl\/ctp\/wp-json\/wp\/v2\/users\/1"}],"replies":[{"embeddable":true,"href":"https:\/\/cto-taniec.pl\/ctp\/wp-json\/wp\/v2\/comments?post=4547"}],"version-history":[{"count":22,"href":"https:\/\/cto-taniec.pl\/ctp\/wp-json\/wp\/v2\/pages\/4547\/revisions"}],"predecessor-version":[{"id":5137,"href":"https:\/\/cto-taniec.pl\/ctp\/wp-json\/wp\/v2\/pages\/4547\/revisions\/5137"}],"wp:attachment":[{"href":"https:\/\/cto-taniec.pl\/ctp\/wp-json\/wp\/v2\/media?parent=4547"}],"curies":[{"name":"wp","href":"https:\/\/api.w.org\/{rel}","templated":true}]}}