{"id":268,"date":"2021-11-16T11:55:14","date_gmt":"2021-11-16T11:55:14","guid":{"rendered":"https:\/\/ctotaniec.mindapple.co\/gliwice\/kontakt-2\/"},"modified":"2025-10-02T16:08:38","modified_gmt":"2025-10-02T14:08:38","slug":"kontakt","status":"publish","type":"page","link":"https:\/\/cto-taniec.pl\/ctp\/kontakt\/","title":{"rendered":"Kontakt"},"content":{"rendered":"\t\t<div data-elementor-type=\"wp-page\" data-elementor-id=\"268\" class=\"elementor elementor-268\" data-elementor-post-type=\"page\">\n\t\t\t\t<div class=\"elementor-element elementor-element-1bb2b3b e-flex e-con-boxed e-con e-parent\" data-id=\"1bb2b3b\" data-element_type=\"container\" data-settings=\"{&quot;background_background&quot;:&quot;classic&quot;}\">\n\t\t\t\t\t<div class=\"e-con-inner\">\n\t\t\t\t\t<\/div>\n\t\t\t\t<\/div>\n\t\t<div class=\"elementor-element elementor-element-0f2e8f0 e-flex e-con-boxed e-con e-parent\" data-id=\"0f2e8f0\" data-element_type=\"container\">\n\t\t\t\t\t<div class=\"e-con-inner\">\n\t\t<div class=\"elementor-element elementor-element-cec0e67 e-con-full e-flex e-con e-child\" data-id=\"cec0e67\" data-element_type=\"container\">\n\t\t\t\t<div class=\"elementor-element elementor-element-6fb1795 elementor-widget elementor-widget-heading\" data-id=\"6fb1795\" data-element_type=\"widget\" data-widget_type=\"heading.default\">\n\t\t\t\t\t<h2 class=\"elementor-heading-title elementor-size-default\">Jeste\u015bmy otwarte od&nbsp;poniedzia\u0142ku do pi\u0105tku w&nbsp;godzinach 15:00-21:00<\/h2>\t\t\t\t<\/div>\n\t\t\t\t<div class=\"elementor-element elementor-element-90d4c6d elementor-icon-list--layout-inline elementor-list-item-link-inline elementor-widget elementor-widget-icon-list\" data-id=\"90d4c6d\" data-element_type=\"widget\" data-widget_type=\"icon-list.default\">\n\t\t\t\t\t\t\t<ul class=\"elementor-icon-list-items elementor-inline-items\">\n\t\t\t\t\t\t\t<li class=\"elementor-icon-list-item elementor-inline-item\">\n\t\t\t\t\t\t\t\t\t\t\t<a href=\"https:\/\/www.instagram.com\/checkthis_pole\/\" target=\"_blank\" rel=\"noopener\">\n\n\t\t\t\t\t\t\t\t\t\t\t\t<span class=\"elementor-icon-list-icon\">\n\t\t\t\t\t\t\t<svg aria-hidden=\"true\" class=\"e-font-icon-svg e-fab-instagram\" viewBox=\"0 0 448 512\" xmlns=\"http:\/\/www.w3.org\/2000\/svg\"><path d=\"M224.1 141c-63.6 0-114.9 51.3-114.9 114.9s51.3 114.9 114.9 114.9S339 319.5 339 255.9 287.7 141 224.1 141zm0 189.6c-41.1 0-74.7-33.5-74.7-74.7s33.5-74.7 74.7-74.7 74.7 33.5 74.7 74.7-33.6 74.7-74.7 74.7zm146.4-194.3c0 14.9-12 26.8-26.8 26.8-14.9 0-26.8-12-26.8-26.8s12-26.8 26.8-26.8 26.8 12 26.8 26.8zm76.1 27.2c-1.7-35.9-9.9-67.7-36.2-93.9-26.2-26.2-58-34.4-93.9-36.2-37-2.1-147.9-2.1-184.9 0-35.8 1.7-67.6 9.9-93.9 36.1s-34.4 58-36.2 93.9c-2.1 37-2.1 147.9 0 184.9 1.7 35.9 9.9 67.7 36.2 93.9s58 34.4 93.9 36.2c37 2.1 147.9 2.1 184.9 0 35.9-1.7 67.7-9.9 93.9-36.2 26.2-26.2 34.4-58 36.2-93.9 2.1-37 2.1-147.8 0-184.8zM398.8 388c-7.8 19.6-22.9 34.7-42.6 42.6-29.5 11.7-99.5 9-132.1 9s-102.7 2.6-132.1-9c-19.6-7.8-34.7-22.9-42.6-42.6-11.7-29.5-9-99.5-9-132.1s-2.6-102.7 9-132.1c7.8-19.6 22.9-34.7 42.6-42.6 29.5-11.7 99.5-9 132.1-9s102.7-2.6 132.1 9c19.6 7.8 34.7 22.9 42.6 42.6 11.7 29.5 9 99.5 9 132.1s2.7 102.7-9 132.1z\"><\/path><\/svg>\t\t\t\t\t\t<\/span>\n\t\t\t\t\t\t\t\t\t\t<span class=\"elementor-icon-list-text\">Instagram<\/span>\n\t\t\t\t\t\t\t\t\t\t\t<\/a>\n\t\t\t\t\t\t\t\t\t<\/li>\n\t\t\t\t\t\t\t\t<li class=\"elementor-icon-list-item elementor-inline-item\">\n\t\t\t\t\t\t\t\t\t\t\t<a href=\"https:\/\/www.facebook.com\/profile.php?id=61578833316667\" target=\"_blank\" rel=\"noopener\">\n\n\t\t\t\t\t\t\t\t\t\t\t\t<span class=\"elementor-icon-list-icon\">\n\t\t\t\t\t\t\t<svg aria-hidden=\"true\" class=\"e-font-icon-svg e-fab-facebook-square\" viewBox=\"0 0 448 512\" xmlns=\"http:\/\/www.w3.org\/2000\/svg\"><path d=\"M400 32H48A48 48 0 0 0 0 80v352a48 48 0 0 0 48 48h137.25V327.69h-63V256h63v-54.64c0-62.15 37-96.48 93.67-96.48 27.14 0 55.52 4.84 55.52 4.84v61h-31.27c-30.81 0-40.42 19.12-40.42 38.73V256h68.78l-11 71.69h-57.78V480H400a48 48 0 0 0 48-48V80a48 48 0 0 0-48-48z\"><\/path><\/svg>\t\t\t\t\t\t<\/span>\n\t\t\t\t\t\t\t\t\t\t<span class=\"elementor-icon-list-text\">Facebook<\/span>\n\t\t\t\t\t\t\t\t\t\t\t<\/a>\n\t\t\t\t\t\t\t\t\t<\/li>\n\t\t\t\t\t\t<\/ul>\n\t\t\t\t\t\t<\/div>\n\t\t\t\t<div class=\"elementor-element elementor-element-463129b elementor-widget elementor-widget-text-editor\" data-id=\"463129b\" data-element_type=\"widget\" data-widget_type=\"text-editor.default\">\n\t\t\t\t\t\t\t\t\t<p><span style=\"font-weight: 500;\">Numer konta bankowego:<\/span><br \/>37 1050 1070 1000 0090 8539 0665<\/p>\t\t\t\t\t\t\t\t<\/div>\n\t\t\t\t<\/div>\n\t\t<div class=\"elementor-element elementor-element-6f85736 e-con-full e-flex e-con e-child\" data-id=\"6f85736\" data-element_type=\"container\" data-settings=\"{&quot;background_background&quot;:&quot;classic&quot;}\">\n\t\t\t\t<div class=\"elementor-element elementor-element-eb23bd8 elementor-view-default elementor-widget elementor-widget-icon\" data-id=\"eb23bd8\" data-element_type=\"widget\" data-widget_type=\"icon.default\">\n\t\t\t\t\t\t\t<div class=\"elementor-icon-wrapper\">\n\t\t\t<div class=\"elementor-icon\">\n\t\t\t<svg xmlns=\"http:\/\/www.w3.org\/2000\/svg\" id=\"Layer_2\" data-name=\"Layer 2\" viewBox=\"0 0 1298.04 201.8\"><defs><style>      .cls-1 {        fill: #fff;      }    <\/style><\/defs><g id=\"Warstwa_1\" data-name=\"Warstwa 1\"><g><g><path class=\"cls-1\" d=\"M363.84,153.13c-.04,4.46-.7,8.37-2.06,11.76-1.32,3.36-3.15,6.2-5.44,8.53-2.29,2.29-4.85,4.03-7.73,5.17-2.91,1.18-5.9,1.78-9.01,1.78s-6.14-.47-9.05-1.34c-2.91-.91-5.52-2.25-7.85-4.03-2.33-1.78-4.2-3.95-5.59-6.51-1.4-2.6-2.14-5.57-2.21-8.96v-88.11c.04-3.39.74-6.36,2.1-8.96,1.36-2.57,3.19-4.78,5.55-6.51,2.33-1.78,4.93-3.12,7.88-4.03,2.95-.91,5.98-1.34,9.17-1.34s6.1.59,9.01,1.78c2.88,1.14,5.44,2.88,7.73,5.21,2.29,2.33,4.12,5.17,5.44,8.61,1.36,3.43,2.02,7.38,2.06,11.88h19.81c-.16-7.82-1.52-14.69-4.08-20.57-2.52-5.88-5.9-10.78-10.1-14.73-4.23-3.95-8.93-6.91-14.1-8.88-5.21-1.97-10.53-2.96-16-2.96s-11.07.83-16.24,2.53c-5.2,1.7-9.83,4.22-13.94,7.58-4.12,3.4-7.34,7.62-9.75,12.67-2.37,5.05-3.61,10.98-3.65,17.73v88.11c.04,6.75,1.28,12.67,3.69,17.73,2.41,5.05,5.71,9.28,9.83,12.63,4.12,3.4,8.82,5.92,14.02,7.62,5.2,1.7,10.64,2.53,16.27,2.53s10.72-.99,15.89-2.96c5.17-1.97,9.87-4.93,14.1-8.84,4.2-3.95,7.57-8.84,10.1-14.69,2.52-5.84,3.85-12.67,3.96-20.41h-19.81Z\"><\/path><path class=\"cls-1\" d=\"M279.24,32.81h-58.5c-2.68.04-5.2.67-7.57,1.97-2.37,1.3-4.27,3.12-5.75,5.45-1.48,2.29-2.25,4.93-2.29,7.97v110.85c.04,5.33,1.09,10.34,3.11,15.08,2.02,4.74,4.82,8.92,8.39,12.59,3.53,3.67,7.65,6.55,12.31,8.68,4.62,2.09,9.59,3.16,14.88,3.2h35.42v-19.66h-35.42c-3.61-.04-6.87-.99-9.79-2.8-2.91-1.82-5.2-4.22-6.91-7.19-1.71-3-2.6-6.32-2.64-9.91v-35.53h55.49v-19.66h-55.49v-50.93l54.77-.47v-19.66h0Z\"><\/path><polygon class=\"cls-1\" points=\"186.18 198.61 186.18 32.57 166.84 32.57 166.84 103.95 122.79 103.93 122.79 32.57 103.69 32.57 103.69 198.61 122.79 198.61 122.79 123.86 166.84 123.86 166.84 198.61 186.18 198.61 186.18 198.61\"><\/polygon><path class=\"cls-1\" d=\"M68.05,153.13c-.04,4.46-.7,8.37-2.06,11.76-1.32,3.36-3.15,6.2-5.44,8.53-2.29,2.29-4.85,4.03-7.73,5.17-2.91,1.18-5.9,1.78-9.01,1.78s-6.14-.47-9.05-1.34c-2.91-.91-5.52-2.25-7.85-4.03-2.33-1.78-4.19-3.95-5.59-6.51-1.4-2.6-2.14-5.57-2.21-8.96v-88.11c.04-3.39.74-6.36,2.1-8.96,1.36-2.57,3.19-4.78,5.55-6.51,2.33-1.78,4.93-3.12,7.89-4.03,2.95-.91,5.98-1.34,9.17-1.34s6.1.59,9.01,1.78c2.88,1.14,5.44,2.88,7.73,5.21,2.29,2.33,4.12,5.17,5.44,8.61,1.36,3.43,2.02,7.38,2.06,11.88h19.81c-.16-7.82-1.52-14.69-4.08-20.57-2.52-5.88-5.9-10.78-10.1-14.73-4.23-3.95-8.93-6.91-14.1-8.88-5.21-1.97-10.53-2.96-16-2.96s-11.07.83-16.24,2.53c-5.2,1.7-9.83,4.22-13.94,7.58-4.12,3.4-7.34,7.62-9.75,12.67C1.28,58.74.04,64.66,0,71.42v88.11c.04,6.75,1.28,12.67,3.69,17.73,2.41,5.05,5.71,9.28,9.83,12.63,4.12,3.4,8.82,5.92,14.02,7.62,5.2,1.7,10.64,2.53,16.27,2.53s10.72-.99,15.89-2.96c5.17-1.97,9.87-4.93,14.1-8.84,4.2-3.95,7.57-8.84,10.1-14.69,2.52-5.84,3.84-12.67,3.96-20.41h-19.81Z\"><\/path><g><path class=\"cls-1\" d=\"M444.96,114.3c3.38-.24,6.53-1.22,9.44-3,2.87-1.74,5.44-3.91,7.73-6.47,2.25-2.57,4.16-5.21,5.67-7.9,1.52-2.72,2.6-5.13,3.26-7.26,0-.24,0-.47.08-.79.04-.28.16-.63.39-1.1,1.86-7.58,3.96-15.4,6.29-23.45.7-2.41,1.44-5.01,2.21-7.86.78-2.84,1.52-5.73,2.21-8.72.39-1.38.85-3,1.32-4.82.51-1.82,1.01-3.59,1.48-5.37.47-1.78.85-3.28,1.16-4.5h-20.74c-.62,2.68-1.36,5.57-2.18,8.57-.82,3-1.67,6.04-2.56,9.08-.85,3.04-1.71,6-2.49,8.88-1.05,4.19-2.14,8.41-3.26,12.71-1.13,4.26-2.21,8.33-3.26,12.16-1.28,4.18-3.22,7.82-5.83,10.78-2.6,3-5.63,5.33-9.09,6.91-3.46,1.62-7.11,2.45-10.95,2.45h-10.25c-.16,5.65.03,9.56.03,9.56,0,0,28.34.12,29.33.15h0Z\"><\/path><path class=\"cls-1\" d=\"M398.65,198.61h19.11c0-152.16,0,.02,0-165.81h-19.11v165.81h0Z\"><\/path><path class=\"cls-1\" d=\"M417.63,104.32h29.4c5.24.04,10.18,1.1,14.84,3.16,4.66,2.05,8.78,4.89,12.39,8.53,3.61,3.59,6.45,7.78,8.54,12.51,2.06,4.7,3.11,9.75,3.15,15.12v54.98h-19.34v-54.98c-.04-3.67-.97-6.99-2.76-9.95-1.79-2.96-4.16-5.29-7.07-7.03-2.95-1.74-6.21-2.64-9.75-2.68h-29.47l.08-19.66h0Z\"><\/path><\/g><\/g><g><polygon class=\"cls-1\" points=\"767.88 199.47 767.88 30.08 748.12 30.08 748.12 199.47 767.88 199.47 767.88 199.47\"><\/polygon><polygon class=\"cls-1\" points=\"724.78 199.47 724.78 29.84 705.02 29.84 705.02 105.7 660.02 105.7 660.02 29.84 640.5 29.84 640.5 199.47 660.02 199.47 660.02 125.54 705.02 125.54 705.02 199.47 724.78 199.47 724.78 199.47\"><\/polygon><polygon class=\"cls-1\" points=\"529.79 30.08 529.79 50.17 567.88 50.17 567.88 199.47 587.41 199.47 587.41 50.17 626.45 50.17 626.45 30.08 529.79 30.08 529.79 30.08\"><\/polygon><path class=\"cls-1\" d=\"M789.93,67.92v14.2c.12,7.83,1.35,14.2,3.74,19.09,2.38,4.9,5.56,8.73,9.58,11.5,3.97,2.77,8.43,4.9,13.39,6.36,4.93,1.47,10.01,2.69,15.26,3.67,3.26.53,6.44,1.18,9.54,2,3.1.82,5.88,1.92,8.43,3.35,2.5,1.43,4.49,3.35,5.96,5.71,1.51,2.37,2.27,5.38,2.31,9.02v17.62c-.04,3.39-.75,6.32-2.15,8.93-1.35,2.57-3.22,4.73-5.56,6.53-2.35,1.75-4.97,3.1-7.87,4-2.9.9-5.92,1.35-8.98,1.35s-6.12-.57-9.02-1.75c-2.9-1.14-5.49-2.9-7.79-5.18-2.31-2.33-4.09-5.22-5.45-8.65-1.35-3.47-2.03-7.51-2.07-12.07h-19.32c0,7.95,1.15,14.93,3.54,20.97,2.34,6,5.6,11.01,9.7,15.05,4.09,4.08,8.78,7.1,13.99,9.14,5.25,2.04,10.69,3.06,16.41,3.06s10.85-.86,16.06-2.61c5.21-1.75,9.94-4.32,14.15-7.79,4.21-3.47,7.55-7.79,10.06-12.93,2.5-5.18,3.78-11.18,3.85-18.03v-17.62c-.04-5.96-.87-11.01-2.5-15.26-1.59-4.2-3.82-7.75-6.64-10.56-2.78-2.86-5.96-5.18-9.54-6.98-3.58-1.84-7.35-3.3-11.29-4.45-3.94-1.14-7.87-2.08-11.77-2.9-2.98-.61-6-1.39-9.1-2.37-3.1-.98-5.96-2.24-8.62-3.79-2.66-1.55-4.81-3.51-6.44-5.87-1.67-2.33-2.5-5.18-2.55-8.53v-14.2c.04-3.39.72-6.36,2.11-8.93,1.35-2.57,3.18-4.77,5.53-6.53,2.34-1.75,4.93-3.1,7.87-4,2.9-.9,5.92-1.35,9.06-1.35s6.04.61,8.94,1.75c2.86,1.18,5.49,2.94,7.79,5.26,2.3,2.37,4.13,5.22,5.48,8.69h20.54c-.61-2.73-1.69-6.44-2.69-8.85-2.48-5.99-5.8-11.01-9.98-15.01-4.21-4.04-8.9-7.06-14.07-9.1-5.21-2.04-10.53-3.06-16.02-3.06s-11.09.86-16.3,2.61c-5.25,1.71-9.9,4.32-14.03,7.75-4.17,3.47-7.43,7.75-9.86,12.85-2.43,5.14-3.66,11.1-3.7,17.91h0Z\"><\/path><\/g><path class=\"cls-1\" d=\"M1153.76,191.41c-5.89,0-11.42-1.74-16.21-5.14-7.02-4.98-11.75-13.03-13.34-22.66-3.97-22.53,6.83-52.2,17.93-78.26l.05-.12c4.34-9.81,8.57-18.17,12.91-25.56,5.22-8.75,13.42-21.13,24.65-28.19,7.11-4.48,14.49-5.47,20.77-2.77,5.89,2.53,9.94,7.99,11.41,15.38,1.73,9.01.31,19.27-4.47,32.36l-17.03-6.22c3.56-9.73,4.77-17.14,3.71-22.65-.28-1.42-.68-2.03-.83-2.21-.41-.02-1.79.12-3.91,1.45-5.96,3.75-12.08,10.97-18.71,22.09-3.96,6.72-7.86,14.46-11.91,23.59-6.1,14.33-20.32,47.75-16.72,67.99l.02.13c.77,4.76,2.94,8.72,5.94,10.84,2.24,1.59,4.93,2.13,8.01,1.59,11.1-2.22,21.06-10.69,31.59-19.65,2.08-1.77,4.24-3.61,6.39-5.38l11.52,14c-2.03,1.67-4.04,3.38-6.16,5.18-11.87,10.1-24.14,20.55-39.93,23.65l-.16.03c-1.87.33-3.72.5-5.54.5Z\"><\/path><path class=\"cls-1\" d=\"M1110.75,173.92c-7.41,0-14.6-1.85-20.93-5.51-13.22-7.48-29.71-22.07-36.42-40.6l17.05-6.17c5.04,13.91,18.41,25.4,28.34,31.01l.09.05c6.52,3.79,14.89,4.1,22.94.86l.14-.05c21.35-8.18,47.22-40.7,61.75-68.6,2.76-5.3,5.04-10.28,6.78-14.81l16.92,6.5c-1.99,5.17-4.55,10.78-7.63,16.68-8.28,15.9-19.18,31.98-30.69,45.26-14.03,16.19-27.68,26.91-40.59,31.88-5.86,2.34-11.88,3.51-17.76,3.51Z\"><\/path><path class=\"cls-1\" d=\"M1055.65,194.54c-2.9,0-5.65-.43-8.18-1.32-5-1.75-11.61-6.06-14.73-16.61l-.03-.1c-5.09-17.94,4.31-36.78,8.59-44.05l.06-.11c6.86-11.51,15.93-20.56,26.24-26.17,9.49-5.3,20.26-6.38,28.81-2.89,7.26,2.97,12.56,9.06,14.93,17.16l.06.2c2.93,10.97.46,24.38-6.95,37.76-6.17,11.13-15.32,21.42-24.5,27.54-8.1,5.62-16.7,8.59-24.29,8.59ZM1050.13,171.51c1.15,3.83,2.74,4.39,3.34,4.6,3.41,1.2,10.22-.95,16.19-5.11l.16-.11c13.9-9.23,27.7-31.53,24.07-45.47-1.09-3.65-3.01-4.81-4.35-5.36-3.39-1.38-8.55-.62-13.14,1.95l-.11.06c-7.46,4.05-14.16,10.81-19.36,19.53l-.03.05c-4.97,8.44-9.35,20.7-6.79,29.84Z\"><\/path><path class=\"cls-1\" d=\"M1206.36,171.75l-7.92-16.31c10.45-5.07,20.68-11.37,28.81-17.73,6.01-4.66,12.3-9.66,17.71-15.49l13.29,12.33c-6.34,6.84-13.58,12.6-19.86,17.47-11.64,9.11-23.84,15.77-32.03,19.74Z\"><\/path><path class=\"cls-1\" d=\"M978.66,196.92l-17.76-3.65c9.64-46.84,33.94-120.27,73.21-185.86l15.55,9.31c-38.1,63.64-61.66,134.82-71,180.2Z\"><\/path><path class=\"cls-1\" d=\"M937.75,134.35l-1.15-18.09,9.05-.58c42.92-2.73,75.25-11.94,101.74-28.96,34.05-21.99,38.02-40.61,37.32-49.8-1.06-10.37-13.39-16.05-23.65-17.77-37.75-6.12-77.28,16.36-114.37,41.57l-7.5,5.1-10.19-15,7.5-5.09c40.19-27.31,83.46-51.6,127.51-44.46,9.11,1.53,17.69,4.97,24.19,9.71,8.6,6.27,13.64,14.66,14.57,24.28v.16c2.45,30.74-27.49,54.89-45.56,66.56-28.81,18.51-64.92,28.91-110.41,31.81l-9.05.58Z\"><\/path><path class=\"cls-1\" d=\"M1226.48,188.63c-17,0-31-10.41-34.26-25.75-1.89-8.49-.75-18.08,3.4-28.43,4.21-10.57,12.38-22.5,21.33-31.12,12.29-11.85,25.12-16.98,37.09-14.85l.19.04c10.83,2.17,17.68,11.76,16.29,22.82-.87,7.48-4.98,15.28-12.23,23.17l-13.36-12.26c4.49-4.89,7.18-9.52,7.58-13.02l.02-.13c.26-2.03-.74-2.56-1.78-2.79-7.96-1.35-16.71,5.72-21.22,10.07-7.1,6.84-13.8,16.57-17.07,24.79-2.77,6.92-3.61,12.92-2.52,17.85,1.24,5.83,7.25,11.87,17.54,11.45,15.31-.45,28.17-11.08,40.6-21.36l11.55,13.97c-14.1,11.66-30.08,24.88-51.54,25.51-.54.02-1.08.03-1.61.03Z\"><\/path><path class=\"cls-1\" d=\"M1296.22,27.95c-6.77-8.78-20.5,7.37-20.5,7.37,0,0-13.73-16.15-20.5-7.37-9.36,12.14,20.5,38.32,20.5,38.32,0,0,29.86-26.18,20.5-38.32Z\"><\/path><path class=\"cls-1\" d=\"M1255.22,27.95c-9.36,12.14,20.49,38.32,20.5,38.32v-30.95s-13.73-16.15-20.5-7.37Z\"><\/path><path class=\"cls-1\" d=\"M1296.22,27.95c-6.77-8.78-20.5,7.37-20.5,7.37h0v30.95h0s29.86-26.18,20.5-38.32Z\"><\/path><\/g><\/g><\/svg>\t\t\t<\/div>\n\t\t<\/div>\n\t\t\t\t\t\t<\/div>\n\t\t\t\t<div class=\"elementor-element elementor-element-cd91589 elementor-widget elementor-widget-text-editor\" data-id=\"cd91589\" data-element_type=\"widget\" data-widget_type=\"text-editor.default\">\n\t\t\t\t\t\t\t\t\t<p>T: (+48) 668-882-858<\/p><p><strong>Recepcja:<\/strong><br \/><span style=\"color: #ffffff;\"><a style=\"color: #ffffff;\" href=\"mailto:kontakt.ctp@gmail.com\">kontakt.ctp@gmail.com<\/a><\/span><\/p><p><strong>Adres:<\/strong><br \/>ul. Cichociemnych 18\/2<br \/>44-122 Gliwice<br \/><br \/><\/p>\t\t\t\t\t\t\t\t<\/div>\n\t\t\t\t<\/div>\n\t\t\t\t\t<\/div>\n\t\t\t\t<\/div>\n\t\t<div class=\"elementor-element elementor-element-94c28ab e-flex e-con-boxed e-con e-parent\" data-id=\"94c28ab\" data-element_type=\"container\">\n\t\t\t\t\t<div class=\"e-con-inner\">\n\t\t\t\t<div class=\"elementor-element elementor-element-b7067b1 elementor-widget__width-auto elementor-widget elementor-widget-heading\" data-id=\"b7067b1\" data-element_type=\"widget\" data-widget_type=\"heading.default\">\n\t\t\t\t\t<h2 class=\"elementor-heading-title elementor-size-default\">\u00a9 Copyrights 2026<\/h2>\t\t\t\t<\/div>\n\t\t\t\t<div class=\"elementor-element elementor-element-14f7301 elementor-widget__width-auto elementor-widget elementor-widget-heading\" data-id=\"14f7301\" data-element_type=\"widget\" data-widget_type=\"heading.default\">\n\t\t\t\t\t<h2 class=\"elementor-heading-title elementor-size-default\"><a href=\"https:\/\/pecanstudio.pl\/\">Proudly created by Pecan Studio\u2122<\/a><\/h2>\t\t\t\t<\/div>\n\t\t\t\t\t<\/div>\n\t\t\t\t<\/div>\n\t\t\t\t<\/div>\n\t\t","protected":false},"excerpt":{"rendered":"<p>Jeste\u015bmy otwarte od&nbsp;poniedzia\u0142ku do pi\u0105tku w&nbsp;godzinach 15:00-21:00 Instagram Facebook Numer konta bankowego:37 1050 1070 1000 0090 8539 0665 T: (+48) 668-882-858 Recepcja:kontakt.ctp@gmail.com Adres:ul. Cichociemnych 18\/244-122 Gliwice Proudly created by Pecan Studio\u2122<\/p>\n","protected":false},"author":1,"featured_media":0,"parent":0,"menu_order":0,"comment_status":"closed","ping_status":"closed","template":"elementor_header_footer","meta":{"_acf_changed":false,"footnotes":""},"class_list":["post-268","page","type-page","status-publish","hentry"],"acf":[],"yoast_head":"<!-- This site is optimized with the Yoast SEO plugin v27.5 - https:\/\/yoast.com\/product\/yoast-seo-wordpress\/ -->\n<title>Kontakt - Check This Pole Gliwice<\/title>\n<meta name=\"robots\" content=\"index, follow, max-snippet:-1, max-image-preview:large, max-video-preview:-1\" \/>\n<link rel=\"canonical\" href=\"https:\/\/cto-taniec.pl\/ctp\/kontakt\/\" \/>\n<meta property=\"og:locale\" content=\"pl_PL\" \/>\n<meta property=\"og:type\" content=\"article\" \/>\n<meta property=\"og:title\" content=\"Kontakt - Check This Pole Gliwice\" \/>\n<meta property=\"og:description\" content=\"Jeste\u015bmy otwarte od&nbsp;poniedzia\u0142ku do pi\u0105tku w&nbsp;godzinach 15:00-21:00 Instagram Facebook Numer konta bankowego:37 1050 1070 1000 0090 8539 0665 T: (+48) 668-882-858 Recepcja:kontakt.ctp@gmail.com Adres:ul. Cichociemnych 18\/244-122 Gliwice Proudly created by Pecan Studio\u2122\" \/>\n<meta property=\"og:url\" content=\"https:\/\/cto-taniec.pl\/ctp\/kontakt\/\" \/>\n<meta property=\"og:site_name\" content=\"Check This Pole Gliwice\" \/>\n<meta property=\"article:publisher\" content=\"https:\/\/www.facebook.com\/profile.php?id=61578833316667\" \/>\n<meta property=\"article:modified_time\" content=\"2025-10-02T14:08:38+00:00\" \/>\n<meta name=\"twitter:card\" content=\"summary_large_image\" \/>\n<meta name=\"twitter:label1\" content=\"Szacowany czas czytania\" \/>\n\t<meta name=\"twitter:data1\" content=\"1 minuta\" \/>\n<script type=\"application\/ld+json\" class=\"yoast-schema-graph\">{\"@context\":\"https:\\\/\\\/schema.org\",\"@graph\":[{\"@type\":\"WebPage\",\"@id\":\"https:\\\/\\\/cto-taniec.pl\\\/ctp\\\/kontakt\\\/\",\"url\":\"https:\\\/\\\/cto-taniec.pl\\\/ctp\\\/kontakt\\\/\",\"name\":\"Kontakt - Check This Pole Gliwice\",\"isPartOf\":{\"@id\":\"https:\\\/\\\/cto-taniec.pl\\\/ctp\\\/#website\"},\"datePublished\":\"2021-11-16T11:55:14+00:00\",\"dateModified\":\"2025-10-02T14:08:38+00:00\",\"breadcrumb\":{\"@id\":\"https:\\\/\\\/cto-taniec.pl\\\/ctp\\\/kontakt\\\/#breadcrumb\"},\"inLanguage\":\"pl-PL\",\"potentialAction\":[{\"@type\":\"ReadAction\",\"target\":[\"https:\\\/\\\/cto-taniec.pl\\\/ctp\\\/kontakt\\\/\"]}]},{\"@type\":\"BreadcrumbList\",\"@id\":\"https:\\\/\\\/cto-taniec.pl\\\/ctp\\\/kontakt\\\/#breadcrumb\",\"itemListElement\":[{\"@type\":\"ListItem\",\"position\":1,\"name\":\"Strona g\u0142\u00f3wna\",\"item\":\"https:\\\/\\\/cto-taniec.pl\\\/ctp\\\/\"},{\"@type\":\"ListItem\",\"position\":2,\"name\":\"Kontakt\"}]},{\"@type\":\"WebSite\",\"@id\":\"https:\\\/\\\/cto-taniec.pl\\\/ctp\\\/#website\",\"url\":\"https:\\\/\\\/cto-taniec.pl\\\/ctp\\\/\",\"name\":\"Check This Pole Gliwice\",\"description\":\"Profesjonalna szko\u0142a ta\u0144ca w Gliwicach\",\"publisher\":{\"@id\":\"https:\\\/\\\/cto-taniec.pl\\\/ctp\\\/#organization\"},\"potentialAction\":[{\"@type\":\"SearchAction\",\"target\":{\"@type\":\"EntryPoint\",\"urlTemplate\":\"https:\\\/\\\/cto-taniec.pl\\\/ctp\\\/?s={search_term_string}\"},\"query-input\":{\"@type\":\"PropertyValueSpecification\",\"valueRequired\":true,\"valueName\":\"search_term_string\"}}],\"inLanguage\":\"pl-PL\"},{\"@type\":\"Organization\",\"@id\":\"https:\\\/\\\/cto-taniec.pl\\\/ctp\\\/#organization\",\"name\":\"Check This Pole Gliwice\",\"url\":\"https:\\\/\\\/cto-taniec.pl\\\/ctp\\\/\",\"logo\":{\"@type\":\"ImageObject\",\"inLanguage\":\"pl-PL\",\"@id\":\"https:\\\/\\\/cto-taniec.pl\\\/ctp\\\/#\\\/schema\\\/logo\\\/image\\\/\",\"url\":\"https:\\\/\\\/cto-taniec.pl\\\/ctp\\\/wp-content\\\/uploads\\\/sites\\\/5\\\/2025\\\/09\\\/Logo_Check-This-Pole_kolor-1-scaled.png\",\"contentUrl\":\"https:\\\/\\\/cto-taniec.pl\\\/ctp\\\/wp-content\\\/uploads\\\/sites\\\/5\\\/2025\\\/09\\\/Logo_Check-This-Pole_kolor-1-scaled.png\",\"width\":2560,\"height\":2560,\"caption\":\"Check This Pole Gliwice\"},\"image\":{\"@id\":\"https:\\\/\\\/cto-taniec.pl\\\/ctp\\\/#\\\/schema\\\/logo\\\/image\\\/\"},\"sameAs\":[\"https:\\\/\\\/www.facebook.com\\\/profile.php?id=61578833316667\",\"https:\\\/\\\/www.instagram.com\\\/checkthis_pole\\\/\"]}]}<\/script>\n<!-- \/ Yoast SEO plugin. -->","yoast_head_json":{"title":"Kontakt - Check This Pole Gliwice","robots":{"index":"index","follow":"follow","max-snippet":"max-snippet:-1","max-image-preview":"max-image-preview:large","max-video-preview":"max-video-preview:-1"},"canonical":"https:\/\/cto-taniec.pl\/ctp\/kontakt\/","og_locale":"pl_PL","og_type":"article","og_title":"Kontakt - Check This Pole Gliwice","og_description":"Jeste\u015bmy otwarte od&nbsp;poniedzia\u0142ku do pi\u0105tku w&nbsp;godzinach 15:00-21:00 Instagram Facebook Numer konta bankowego:37 1050 1070 1000 0090 8539 0665 T: (+48) 668-882-858 Recepcja:kontakt.ctp@gmail.com Adres:ul. Cichociemnych 18\/244-122 Gliwice Proudly created by Pecan Studio\u2122","og_url":"https:\/\/cto-taniec.pl\/ctp\/kontakt\/","og_site_name":"Check This Pole Gliwice","article_publisher":"https:\/\/www.facebook.com\/profile.php?id=61578833316667","article_modified_time":"2025-10-02T14:08:38+00:00","twitter_card":"summary_large_image","twitter_misc":{"Szacowany czas czytania":"1 minuta"},"schema":{"@context":"https:\/\/schema.org","@graph":[{"@type":"WebPage","@id":"https:\/\/cto-taniec.pl\/ctp\/kontakt\/","url":"https:\/\/cto-taniec.pl\/ctp\/kontakt\/","name":"Kontakt - Check This Pole Gliwice","isPartOf":{"@id":"https:\/\/cto-taniec.pl\/ctp\/#website"},"datePublished":"2021-11-16T11:55:14+00:00","dateModified":"2025-10-02T14:08:38+00:00","breadcrumb":{"@id":"https:\/\/cto-taniec.pl\/ctp\/kontakt\/#breadcrumb"},"inLanguage":"pl-PL","potentialAction":[{"@type":"ReadAction","target":["https:\/\/cto-taniec.pl\/ctp\/kontakt\/"]}]},{"@type":"BreadcrumbList","@id":"https:\/\/cto-taniec.pl\/ctp\/kontakt\/#breadcrumb","itemListElement":[{"@type":"ListItem","position":1,"name":"Strona g\u0142\u00f3wna","item":"https:\/\/cto-taniec.pl\/ctp\/"},{"@type":"ListItem","position":2,"name":"Kontakt"}]},{"@type":"WebSite","@id":"https:\/\/cto-taniec.pl\/ctp\/#website","url":"https:\/\/cto-taniec.pl\/ctp\/","name":"Check This Pole Gliwice","description":"Profesjonalna szko\u0142a ta\u0144ca w Gliwicach","publisher":{"@id":"https:\/\/cto-taniec.pl\/ctp\/#organization"},"potentialAction":[{"@type":"SearchAction","target":{"@type":"EntryPoint","urlTemplate":"https:\/\/cto-taniec.pl\/ctp\/?s={search_term_string}"},"query-input":{"@type":"PropertyValueSpecification","valueRequired":true,"valueName":"search_term_string"}}],"inLanguage":"pl-PL"},{"@type":"Organization","@id":"https:\/\/cto-taniec.pl\/ctp\/#organization","name":"Check This Pole Gliwice","url":"https:\/\/cto-taniec.pl\/ctp\/","logo":{"@type":"ImageObject","inLanguage":"pl-PL","@id":"https:\/\/cto-taniec.pl\/ctp\/#\/schema\/logo\/image\/","url":"https:\/\/cto-taniec.pl\/ctp\/wp-content\/uploads\/sites\/5\/2025\/09\/Logo_Check-This-Pole_kolor-1-scaled.png","contentUrl":"https:\/\/cto-taniec.pl\/ctp\/wp-content\/uploads\/sites\/5\/2025\/09\/Logo_Check-This-Pole_kolor-1-scaled.png","width":2560,"height":2560,"caption":"Check This Pole Gliwice"},"image":{"@id":"https:\/\/cto-taniec.pl\/ctp\/#\/schema\/logo\/image\/"},"sameAs":["https:\/\/www.facebook.com\/profile.php?id=61578833316667","https:\/\/www.instagram.com\/checkthis_pole\/"]}]}},"_links":{"self":[{"href":"https:\/\/cto-taniec.pl\/ctp\/wp-json\/wp\/v2\/pages\/268","targetHints":{"allow":["GET"]}}],"collection":[{"href":"https:\/\/cto-taniec.pl\/ctp\/wp-json\/wp\/v2\/pages"}],"about":[{"href":"https:\/\/cto-taniec.pl\/ctp\/wp-json\/wp\/v2\/types\/page"}],"author":[{"embeddable":true,"href":"https:\/\/cto-taniec.pl\/ctp\/wp-json\/wp\/v2\/users\/1"}],"replies":[{"embeddable":true,"href":"https:\/\/cto-taniec.pl\/ctp\/wp-json\/wp\/v2\/comments?post=268"}],"version-history":[{"count":12,"href":"https:\/\/cto-taniec.pl\/ctp\/wp-json\/wp\/v2\/pages\/268\/revisions"}],"predecessor-version":[{"id":5178,"href":"https:\/\/cto-taniec.pl\/ctp\/wp-json\/wp\/v2\/pages\/268\/revisions\/5178"}],"wp:attachment":[{"href":"https:\/\/cto-taniec.pl\/ctp\/wp-json\/wp\/v2\/media?parent=268"}],"curies":[{"name":"wp","href":"https:\/\/api.w.org\/{rel}","templated":true}]}}