{"id":257,"date":"2021-11-16T11:55:08","date_gmt":"2021-11-16T11:55:08","guid":{"rendered":"https:\/\/ctotaniec.mindapple.co\/gliwice\/cennik-2\/"},"modified":"2025-09-18T12:10:48","modified_gmt":"2025-09-18T10:10:48","slug":"cennik","status":"publish","type":"page","link":"https:\/\/cto-taniec.pl\/ctp\/cennik\/","title":{"rendered":"Cennik"},"content":{"rendered":"\t\t<div data-elementor-type=\"wp-page\" data-elementor-id=\"257\" class=\"elementor elementor-257\" data-elementor-post-type=\"page\">\n\t\t\t\t<div class=\"elementor-element elementor-element-e6f5436 e-flex e-con-boxed e-con e-parent\" data-id=\"e6f5436\" data-element_type=\"container\" data-settings=\"{&quot;background_background&quot;:&quot;classic&quot;}\">\n\t\t\t\t\t<div class=\"e-con-inner\">\n\t\t<div class=\"elementor-element elementor-element-8737b81 e-con-full e-flex e-con e-child\" data-id=\"8737b81\" data-element_type=\"container\">\n\t\t\t\t<div class=\"elementor-element elementor-element-fc55988 elementor-widget elementor-widget-heading\" data-id=\"fc55988\" data-element_type=\"widget\" data-widget_type=\"heading.default\">\n\t\t\t\t\t<h2 class=\"elementor-heading-title elementor-size-default\">Cennik<\/h2>\t\t\t\t<\/div>\n\t\t\t\t<div class=\"elementor-element elementor-element-96cfd5d elementor-widget elementor-widget-text-editor\" data-id=\"96cfd5d\" data-element_type=\"widget\" data-widget_type=\"text-editor.default\">\n\t\t\t\t\t\t\t\t\t<p>Zapraszamy do zapoznania si\u0119 z cennikiem Check This Pole w Gliwicach. Mo\u017cesz zdecydowa\u0107 si\u0119 na wykupienie zaj\u0119\u0107 pojedynczych lub pakiet\u00f3w.<\/p>\t\t\t\t\t\t\t\t<\/div>\n\t\t\t\t<\/div>\n\t\t\t\t\t<\/div>\n\t\t\t\t<\/div>\n\t\t<div class=\"elementor-element elementor-element-acceaae e-flex e-con-boxed e-con e-child\" data-id=\"acceaae\" data-element_type=\"container\">\n\t\t\t\t\t<div class=\"e-con-inner\">\n\t\t<div class=\"elementor-element elementor-element-4b80887 e-con-full e-flex e-con e-child\" data-id=\"4b80887\" data-element_type=\"container\">\n\t\t\t\t<div class=\"elementor-element elementor-element-ce51945 elementor-widget elementor-widget-heading\" data-id=\"ce51945\" data-element_type=\"widget\" data-widget_type=\"heading.default\">\n\t\t\t\t\t<h3 class=\"elementor-heading-title elementor-size-default\">Pole dance \/ Pole art \/ Exotic<\/h3>\t\t\t\t<\/div>\n\t\t\t\t<div class=\"elementor-element elementor-element-cc6f289 elementor-widget elementor-widget-heading\" data-id=\"cc6f289\" data-element_type=\"widget\" data-widget_type=\"heading.default\">\n\t\t\t\t\t<h4 class=\"elementor-heading-title elementor-size-default\">Do ka\u017cdej umowy stretching &amp; open pole gratis<\/h4>\t\t\t\t<\/div>\n\t\t\t\t<\/div>\n\t\t\t\t<div class=\"elementor-element elementor-element-549550a elementor-widget elementor-widget-price-list\" data-id=\"549550a\" data-element_type=\"widget\" data-widget_type=\"price-list.default\">\n\t\t\t\t\t\n\t\t<ul class=\"elementor-price-list\">\n\n\t\t\t\t\t\t\t\t\t<li class=\"elementor-price-list-item\">\t\t\t\t\n\t\t\t\t<div class=\"elementor-price-list-text\">\n\t\t\t\t\t\t\t\t\t<div class=\"elementor-price-list-header\">\n\t\t\t\t\t\t\t\t\t\t\t<div class=\"elementor-price-list-title\">\n\t\t\t\t\t\t\t4 x wej\u015bcie\t\t\t\t\t\t<\/div>\n\t\t\t\t\t\t\t\t\t\t\t\t\t\t\t\t\t\t<span class=\"elementor-price-list-separator\"><\/span>\n\t\t\t\t\t\t\t\t\t\t\t\t\t\t\t\t\t\t\t<span class=\"elementor-price-list-price\">200 z\u0142<\/span>\n\t\t\t\t\t\t\t\t\t\t<\/div>\n\t\t\t\t\t\t\t\t\t\t\t\t<\/div>\n\t\t\t\t<\/li>\t\t\t\t\t\t\t\t\t\t\t\t<li class=\"elementor-price-list-item\">\t\t\t\t\n\t\t\t\t<div class=\"elementor-price-list-text\">\n\t\t\t\t\t\t\t\t\t<div class=\"elementor-price-list-header\">\n\t\t\t\t\t\t\t\t\t\t\t<div class=\"elementor-price-list-title\">\n\t\t\t\t\t\t\t8 x wej\u015bcie\t\t\t\t\t\t<\/div>\n\t\t\t\t\t\t\t\t\t\t\t\t\t\t\t\t\t\t<span class=\"elementor-price-list-separator\"><\/span>\n\t\t\t\t\t\t\t\t\t\t\t\t\t\t\t\t\t\t\t<span class=\"elementor-price-list-price\">380 z\u0142<\/span>\n\t\t\t\t\t\t\t\t\t\t<\/div>\n\t\t\t\t\t\t\t\t\t\t\t\t<\/div>\n\t\t\t\t<\/li>\t\t\t\t\t\t\t\t\t\t\t\t<li class=\"elementor-price-list-item\">\t\t\t\t\n\t\t\t\t<div class=\"elementor-price-list-text\">\n\t\t\t\t\t\t\t\t\t<div class=\"elementor-price-list-header\">\n\t\t\t\t\t\t\t\t\t\t\t<div class=\"elementor-price-list-title\">\n\t\t\t\t\t\t\t12 x wej\u015bcie\t\t\t\t\t\t<\/div>\n\t\t\t\t\t\t\t\t\t\t\t\t\t\t\t\t\t\t<span class=\"elementor-price-list-separator\"><\/span>\n\t\t\t\t\t\t\t\t\t\t\t\t\t\t\t\t\t\t\t<span class=\"elementor-price-list-price\">540 z\u0142<\/span>\n\t\t\t\t\t\t\t\t\t\t<\/div>\n\t\t\t\t\t\t\t\t\t\t\t\t<\/div>\n\t\t\t\t<\/li>\t\t\t\t\t\n\t\t<\/ul>\n\n\t\t\t\t\t\t<\/div>\n\t\t\t\t\t<\/div>\n\t\t\t\t<\/div>\n\t\t<div class=\"elementor-element elementor-element-11b9d30 e-flex e-con-boxed e-con e-child\" data-id=\"11b9d30\" data-element_type=\"container\" data-settings=\"{&quot;background_background&quot;:&quot;classic&quot;}\">\n\t\t\t\t\t<div class=\"e-con-inner\">\n\t\t<div class=\"elementor-element elementor-element-6546d7a e-con-full e-flex e-con e-child\" data-id=\"6546d7a\" data-element_type=\"container\">\n\t\t\t\t<div class=\"elementor-element elementor-element-767ec20 elementor-widget elementor-widget-heading\" data-id=\"767ec20\" data-element_type=\"widget\" data-widget_type=\"heading.default\">\n\t\t\t\t\t<h2 class=\"elementor-heading-title elementor-size-default\">Stretching &amp; Open pole<\/h2>\t\t\t\t<\/div>\n\t\t\t\t<div class=\"elementor-element elementor-element-cdaa7bb elementor-widget elementor-widget-heading\" data-id=\"cdaa7bb\" data-element_type=\"widget\" data-widget_type=\"heading.default\">\n\t\t\t\t\t<h2 class=\"elementor-heading-title elementor-size-default\">Dla os\u00f3b spoza studia<\/h2>\t\t\t\t<\/div>\n\t\t\t\t<\/div>\n\t\t\t\t<div class=\"elementor-element elementor-element-be82e80 elementor-widget elementor-widget-price-list\" data-id=\"be82e80\" data-element_type=\"widget\" data-widget_type=\"price-list.default\">\n\t\t\t\t\t\n\t\t<ul class=\"elementor-price-list\">\n\n\t\t\t\t\t\t\t\t\t<li class=\"elementor-price-list-item\">\t\t\t\t\n\t\t\t\t<div class=\"elementor-price-list-text\">\n\t\t\t\t\t\t\t\t\t<div class=\"elementor-price-list-header\">\n\t\t\t\t\t\t\t\t\t\t\t<div class=\"elementor-price-list-title\">\n\t\t\t\t\t\t\tStretching \u2013 4 x wej\u015bcie\t\t\t\t\t\t<\/div>\n\t\t\t\t\t\t\t\t\t\t\t\t\t\t\t\t\t\t<span class=\"elementor-price-list-separator\"><\/span>\n\t\t\t\t\t\t\t\t\t\t\t\t\t\t\t\t\t\t\t<span class=\"elementor-price-list-price\">150 z\u0142<\/span>\n\t\t\t\t\t\t\t\t\t\t<\/div>\n\t\t\t\t\t\t\t\t\t\t\t\t<\/div>\n\t\t\t\t<\/li>\t\t\t\t\t\t\t\t\t\t\t\t<li class=\"elementor-price-list-item\">\t\t\t\t\n\t\t\t\t<div class=\"elementor-price-list-text\">\n\t\t\t\t\t\t\t\t\t<div class=\"elementor-price-list-header\">\n\t\t\t\t\t\t\t\t\t\t\t<div class=\"elementor-price-list-title\">\n\t\t\t\t\t\t\tOpen pole \u2013 1 x wej\u015bcie\t\t\t\t\t\t<\/div>\n\t\t\t\t\t\t\t\t\t\t\t\t\t\t\t\t\t\t<span class=\"elementor-price-list-separator\"><\/span>\n\t\t\t\t\t\t\t\t\t\t\t\t\t\t\t\t\t\t\t<span class=\"elementor-price-list-price\">25 z\u0142<\/span>\n\t\t\t\t\t\t\t\t\t\t<\/div>\n\t\t\t\t\t\t\t\t\t\t\t\t<\/div>\n\t\t\t\t<\/li>\t\t\t\t\t\n\t\t<\/ul>\n\n\t\t\t\t\t\t<\/div>\n\t\t\t\t\t<\/div>\n\t\t\t\t<\/div>\n\t\t<div class=\"elementor-element elementor-element-8f03604 e-flex e-con-boxed e-con e-child\" data-id=\"8f03604\" data-element_type=\"container\" data-settings=\"{&quot;background_background&quot;:&quot;classic&quot;}\">\n\t\t\t\t\t<div class=\"e-con-inner\">\n\t\t\t\t<div class=\"elementor-element elementor-element-f71fd73 elementor-widget elementor-widget-heading\" data-id=\"f71fd73\" data-element_type=\"widget\" data-widget_type=\"heading.default\">\n\t\t\t\t\t<h2 class=\"elementor-heading-title elementor-size-default\">Lekcje indywidualne<\/h2>\t\t\t\t<\/div>\n\t\t\t\t<div class=\"elementor-element elementor-element-5afdfc4 elementor-widget elementor-widget-price-list\" data-id=\"5afdfc4\" data-element_type=\"widget\" data-widget_type=\"price-list.default\">\n\t\t\t\t\t\n\t\t<ul class=\"elementor-price-list\">\n\n\t\t\t\t\t\t\t\t\t<li class=\"elementor-price-list-item\">\t\t\t\t\n\t\t\t\t<div class=\"elementor-price-list-text\">\n\t\t\t\t\t\t\t\t\t<div class=\"elementor-price-list-header\">\n\t\t\t\t\t\t\t\t\t\t\t<div class=\"elementor-price-list-title\">\n\t\t\t\t\t\t\t1 godzina\t\t\t\t\t\t<\/div>\n\t\t\t\t\t\t\t\t\t\t\t\t\t\t\t\t\t\t<span class=\"elementor-price-list-separator\"><\/span>\n\t\t\t\t\t\t\t\t\t\t\t\t\t\t\t\t\t\t\t<span class=\"elementor-price-list-price\">160 z\u0142<\/span>\n\t\t\t\t\t\t\t\t\t\t<\/div>\n\t\t\t\t\t\t\t\t\t\t\t\t<\/div>\n\t\t\t\t<\/li>\t\t\t\t\t\t\t\t\t\t\t\t<li class=\"elementor-price-list-item\">\t\t\t\t\n\t\t\t\t<div class=\"elementor-price-list-text\">\n\t\t\t\t\t\t\t\t\t<div class=\"elementor-price-list-header\">\n\t\t\t\t\t\t\t\t\t\t\t<div class=\"elementor-price-list-title\">\n\t\t\t\t\t\t\t3 x 1 godzina\t\t\t\t\t\t<\/div>\n\t\t\t\t\t\t\t\t\t\t\t\t\t\t\t\t\t\t<span class=\"elementor-price-list-separator\"><\/span>\n\t\t\t\t\t\t\t\t\t\t\t\t\t\t\t\t\t\t\t<span class=\"elementor-price-list-price\">450 z\u0142<\/span>\n\t\t\t\t\t\t\t\t\t\t<\/div>\n\t\t\t\t\t\t\t\t\t\t\t\t<\/div>\n\t\t\t\t<\/li>\t\t\t\t\t\n\t\t<\/ul>\n\n\t\t\t\t\t\t<\/div>\n\t\t\t\t\t<\/div>\n\t\t\t\t<\/div>\n\t\t\t\t<\/div>\n\t\t","protected":false},"excerpt":{"rendered":"<p>Cennik Zapraszamy do zapoznania si\u0119 z cennikiem Check This Pole w Gliwicach. Mo\u017cesz zdecydowa\u0107 si\u0119 na wykupienie zaj\u0119\u0107 pojedynczych lub pakiet\u00f3w. Pole dance \/ Pole art \/ Exotic Do ka\u017cdej umowy stretching &amp; open pole gratis 4 x wej\u015bcie 200 z\u0142 8 x wej\u015bcie 380 z\u0142 12 x wej\u015bcie 540 z\u0142 Stretching &amp; Open pole [&hellip;]<\/p>\n","protected":false},"author":1,"featured_media":0,"parent":0,"menu_order":0,"comment_status":"closed","ping_status":"closed","template":"elementor_header_footer","meta":{"_acf_changed":false,"footnotes":""},"class_list":["post-257","page","type-page","status-publish","hentry"],"acf":[],"yoast_head":"<!-- This site is optimized with the Yoast SEO plugin v27.5 - https:\/\/yoast.com\/product\/yoast-seo-wordpress\/ -->\n<title>Cennik - Check This Pole Gliwice<\/title>\n<meta name=\"robots\" content=\"index, follow, max-snippet:-1, max-image-preview:large, max-video-preview:-1\" \/>\n<link rel=\"canonical\" href=\"https:\/\/cto-taniec.pl\/ctp\/cennik\/\" \/>\n<meta property=\"og:locale\" content=\"pl_PL\" \/>\n<meta property=\"og:type\" content=\"article\" \/>\n<meta property=\"og:title\" content=\"Cennik - Check This Pole Gliwice\" \/>\n<meta property=\"og:description\" content=\"Cennik Zapraszamy do zapoznania si\u0119 z cennikiem Check This Pole w Gliwicach. Mo\u017cesz zdecydowa\u0107 si\u0119 na wykupienie zaj\u0119\u0107 pojedynczych lub pakiet\u00f3w. Pole dance \/ Pole art \/ Exotic Do ka\u017cdej umowy stretching &amp; open pole gratis 4 x wej\u015bcie 200 z\u0142 8 x wej\u015bcie 380 z\u0142 12 x wej\u015bcie 540 z\u0142 Stretching &amp; Open pole [&hellip;]\" \/>\n<meta property=\"og:url\" content=\"https:\/\/cto-taniec.pl\/ctp\/cennik\/\" \/>\n<meta property=\"og:site_name\" content=\"Check This Pole Gliwice\" \/>\n<meta property=\"article:publisher\" content=\"https:\/\/www.facebook.com\/profile.php?id=61578833316667\" \/>\n<meta property=\"article:modified_time\" content=\"2025-09-18T10:10:48+00:00\" \/>\n<meta name=\"twitter:card\" content=\"summary_large_image\" \/>\n<meta name=\"twitter:label1\" content=\"Szacowany czas czytania\" \/>\n\t<meta name=\"twitter:data1\" content=\"1 minuta\" \/>\n<script type=\"application\/ld+json\" class=\"yoast-schema-graph\">{\"@context\":\"https:\\\/\\\/schema.org\",\"@graph\":[{\"@type\":\"WebPage\",\"@id\":\"https:\\\/\\\/cto-taniec.pl\\\/ctp\\\/cennik\\\/\",\"url\":\"https:\\\/\\\/cto-taniec.pl\\\/ctp\\\/cennik\\\/\",\"name\":\"Cennik - Check This Pole Gliwice\",\"isPartOf\":{\"@id\":\"https:\\\/\\\/cto-taniec.pl\\\/ctp\\\/#website\"},\"datePublished\":\"2021-11-16T11:55:08+00:00\",\"dateModified\":\"2025-09-18T10:10:48+00:00\",\"breadcrumb\":{\"@id\":\"https:\\\/\\\/cto-taniec.pl\\\/ctp\\\/cennik\\\/#breadcrumb\"},\"inLanguage\":\"pl-PL\",\"potentialAction\":[{\"@type\":\"ReadAction\",\"target\":[\"https:\\\/\\\/cto-taniec.pl\\\/ctp\\\/cennik\\\/\"]}]},{\"@type\":\"BreadcrumbList\",\"@id\":\"https:\\\/\\\/cto-taniec.pl\\\/ctp\\\/cennik\\\/#breadcrumb\",\"itemListElement\":[{\"@type\":\"ListItem\",\"position\":1,\"name\":\"Strona g\u0142\u00f3wna\",\"item\":\"https:\\\/\\\/cto-taniec.pl\\\/ctp\\\/\"},{\"@type\":\"ListItem\",\"position\":2,\"name\":\"Cennik\"}]},{\"@type\":\"WebSite\",\"@id\":\"https:\\\/\\\/cto-taniec.pl\\\/ctp\\\/#website\",\"url\":\"https:\\\/\\\/cto-taniec.pl\\\/ctp\\\/\",\"name\":\"Check This Pole Gliwice\",\"description\":\"Profesjonalna szko\u0142a ta\u0144ca w Gliwicach\",\"publisher\":{\"@id\":\"https:\\\/\\\/cto-taniec.pl\\\/ctp\\\/#organization\"},\"potentialAction\":[{\"@type\":\"SearchAction\",\"target\":{\"@type\":\"EntryPoint\",\"urlTemplate\":\"https:\\\/\\\/cto-taniec.pl\\\/ctp\\\/?s={search_term_string}\"},\"query-input\":{\"@type\":\"PropertyValueSpecification\",\"valueRequired\":true,\"valueName\":\"search_term_string\"}}],\"inLanguage\":\"pl-PL\"},{\"@type\":\"Organization\",\"@id\":\"https:\\\/\\\/cto-taniec.pl\\\/ctp\\\/#organization\",\"name\":\"Check This Pole Gliwice\",\"url\":\"https:\\\/\\\/cto-taniec.pl\\\/ctp\\\/\",\"logo\":{\"@type\":\"ImageObject\",\"inLanguage\":\"pl-PL\",\"@id\":\"https:\\\/\\\/cto-taniec.pl\\\/ctp\\\/#\\\/schema\\\/logo\\\/image\\\/\",\"url\":\"https:\\\/\\\/cto-taniec.pl\\\/ctp\\\/wp-content\\\/uploads\\\/sites\\\/5\\\/2025\\\/09\\\/Logo_Check-This-Pole_kolor-1-scaled.png\",\"contentUrl\":\"https:\\\/\\\/cto-taniec.pl\\\/ctp\\\/wp-content\\\/uploads\\\/sites\\\/5\\\/2025\\\/09\\\/Logo_Check-This-Pole_kolor-1-scaled.png\",\"width\":2560,\"height\":2560,\"caption\":\"Check This Pole Gliwice\"},\"image\":{\"@id\":\"https:\\\/\\\/cto-taniec.pl\\\/ctp\\\/#\\\/schema\\\/logo\\\/image\\\/\"},\"sameAs\":[\"https:\\\/\\\/www.facebook.com\\\/profile.php?id=61578833316667\",\"https:\\\/\\\/www.instagram.com\\\/checkthis_pole\\\/\"]}]}<\/script>\n<!-- \/ Yoast SEO plugin. -->","yoast_head_json":{"title":"Cennik - Check This Pole Gliwice","robots":{"index":"index","follow":"follow","max-snippet":"max-snippet:-1","max-image-preview":"max-image-preview:large","max-video-preview":"max-video-preview:-1"},"canonical":"https:\/\/cto-taniec.pl\/ctp\/cennik\/","og_locale":"pl_PL","og_type":"article","og_title":"Cennik - Check This Pole Gliwice","og_description":"Cennik Zapraszamy do zapoznania si\u0119 z cennikiem Check This Pole w Gliwicach. Mo\u017cesz zdecydowa\u0107 si\u0119 na wykupienie zaj\u0119\u0107 pojedynczych lub pakiet\u00f3w. Pole dance \/ Pole art \/ Exotic Do ka\u017cdej umowy stretching &amp; open pole gratis 4 x wej\u015bcie 200 z\u0142 8 x wej\u015bcie 380 z\u0142 12 x wej\u015bcie 540 z\u0142 Stretching &amp; Open pole [&hellip;]","og_url":"https:\/\/cto-taniec.pl\/ctp\/cennik\/","og_site_name":"Check This Pole Gliwice","article_publisher":"https:\/\/www.facebook.com\/profile.php?id=61578833316667","article_modified_time":"2025-09-18T10:10:48+00:00","twitter_card":"summary_large_image","twitter_misc":{"Szacowany czas czytania":"1 minuta"},"schema":{"@context":"https:\/\/schema.org","@graph":[{"@type":"WebPage","@id":"https:\/\/cto-taniec.pl\/ctp\/cennik\/","url":"https:\/\/cto-taniec.pl\/ctp\/cennik\/","name":"Cennik - Check This Pole Gliwice","isPartOf":{"@id":"https:\/\/cto-taniec.pl\/ctp\/#website"},"datePublished":"2021-11-16T11:55:08+00:00","dateModified":"2025-09-18T10:10:48+00:00","breadcrumb":{"@id":"https:\/\/cto-taniec.pl\/ctp\/cennik\/#breadcrumb"},"inLanguage":"pl-PL","potentialAction":[{"@type":"ReadAction","target":["https:\/\/cto-taniec.pl\/ctp\/cennik\/"]}]},{"@type":"BreadcrumbList","@id":"https:\/\/cto-taniec.pl\/ctp\/cennik\/#breadcrumb","itemListElement":[{"@type":"ListItem","position":1,"name":"Strona g\u0142\u00f3wna","item":"https:\/\/cto-taniec.pl\/ctp\/"},{"@type":"ListItem","position":2,"name":"Cennik"}]},{"@type":"WebSite","@id":"https:\/\/cto-taniec.pl\/ctp\/#website","url":"https:\/\/cto-taniec.pl\/ctp\/","name":"Check This Pole Gliwice","description":"Profesjonalna szko\u0142a ta\u0144ca w Gliwicach","publisher":{"@id":"https:\/\/cto-taniec.pl\/ctp\/#organization"},"potentialAction":[{"@type":"SearchAction","target":{"@type":"EntryPoint","urlTemplate":"https:\/\/cto-taniec.pl\/ctp\/?s={search_term_string}"},"query-input":{"@type":"PropertyValueSpecification","valueRequired":true,"valueName":"search_term_string"}}],"inLanguage":"pl-PL"},{"@type":"Organization","@id":"https:\/\/cto-taniec.pl\/ctp\/#organization","name":"Check This Pole Gliwice","url":"https:\/\/cto-taniec.pl\/ctp\/","logo":{"@type":"ImageObject","inLanguage":"pl-PL","@id":"https:\/\/cto-taniec.pl\/ctp\/#\/schema\/logo\/image\/","url":"https:\/\/cto-taniec.pl\/ctp\/wp-content\/uploads\/sites\/5\/2025\/09\/Logo_Check-This-Pole_kolor-1-scaled.png","contentUrl":"https:\/\/cto-taniec.pl\/ctp\/wp-content\/uploads\/sites\/5\/2025\/09\/Logo_Check-This-Pole_kolor-1-scaled.png","width":2560,"height":2560,"caption":"Check This Pole Gliwice"},"image":{"@id":"https:\/\/cto-taniec.pl\/ctp\/#\/schema\/logo\/image\/"},"sameAs":["https:\/\/www.facebook.com\/profile.php?id=61578833316667","https:\/\/www.instagram.com\/checkthis_pole\/"]}]}},"_links":{"self":[{"href":"https:\/\/cto-taniec.pl\/ctp\/wp-json\/wp\/v2\/pages\/257","targetHints":{"allow":["GET"]}}],"collection":[{"href":"https:\/\/cto-taniec.pl\/ctp\/wp-json\/wp\/v2\/pages"}],"about":[{"href":"https:\/\/cto-taniec.pl\/ctp\/wp-json\/wp\/v2\/types\/page"}],"author":[{"embeddable":true,"href":"https:\/\/cto-taniec.pl\/ctp\/wp-json\/wp\/v2\/users\/1"}],"replies":[{"embeddable":true,"href":"https:\/\/cto-taniec.pl\/ctp\/wp-json\/wp\/v2\/comments?post=257"}],"version-history":[{"count":9,"href":"https:\/\/cto-taniec.pl\/ctp\/wp-json\/wp\/v2\/pages\/257\/revisions"}],"predecessor-version":[{"id":5004,"href":"https:\/\/cto-taniec.pl\/ctp\/wp-json\/wp\/v2\/pages\/257\/revisions\/5004"}],"wp:attachment":[{"href":"https:\/\/cto-taniec.pl\/ctp\/wp-json\/wp\/v2\/media?parent=257"}],"curies":[{"name":"wp","href":"https:\/\/api.w.org\/{rel}","templated":true}]}}